{"id":45,"date":"2014-02-18T15:42:30","date_gmt":"2014-02-18T15:42:30","guid":{"rendered":"http:\/\/morvayautosiskola.hu\/?page_id=45"},"modified":"2020-11-22T11:10:15","modified_gmt":"2020-11-22T11:10:15","slug":"gyakori-kerdesek","status":"publish","type":"page","link":"https:\/\/morvayautosiskola.hu\/?page_id=45","title":{"rendered":"Gyakori k\u00e9rd\u00e9sek"},"content":{"rendered":"\n<section class=\"wp-block-uagb-columns uagb-columns__wrap uagb-columns__background-undefined uagb-columns__stack-mobile uagb-columns__valign-undefined uagb-columns__gap-10 alignundefined uagb-block-9515e30b\"><div class=\"uagb-columns__overlay\"><\/div><div class=\"uagb-columns__inner-wrap uagb-columns__columns-3\">\n<div class=\"wp-block-uagb-column uagb-column__wrap uagb-column__background-undefined uagb-block-b7ea4189\"><div class=\"uagb-column__overlay\"><\/div><div class=\"uagb-column__inner-wrap\">\n<p><span style=\"color: #0da9e2;\"><b>Van-e r\u00e9szletfizet\u00e9si lehet\u0151s\u00e9g?<\/b><\/span><\/p>\n<p>Igen. Term\u00e9szetes tiszt\u00e1ban vagyunk vele, hogy nem kis \u00f6sszegbe ker\u00fcl manaps\u00e1g a jogos\u00edtv\u00e1ny, \u00edgy igyeksz\u00fcnk a legjobb r\u00e9szletfizet\u00e9si felt\u00e9teleket biztos\u00edtani tanul\u00f3inknak.<\/p>\n<\/div><\/div>\n\n\n\n<div class=\"wp-block-uagb-column uagb-column__wrap uagb-column__background-undefined uagb-block-7ffce32d\"><div class=\"uagb-column__overlay\"><\/div><div class=\"uagb-column__inner-wrap\">\n<p><span style=\"color: #0da9e2;\"><b>Hol tudom az orvosi alkalmass\u00e1gi igazol\u00e1st megcsin\u00e1ltatni?<\/b><\/span><\/p>\n<p>Egyszer\u0171en csak a h\u00e1zi orvosodhoz kell elmenned, \u00e9s mondani neki, hogy egy orvosi alkalmass\u00e1gi igazol\u00e1st szeretn\u00e9l aut\u00f3vezet\u00e9shez. Ennek term\u00e9szetesen d\u00edja van, amit ott, a h\u00e1zi orvosodn\u00e1l kell fizetni.<\/p>\n<\/div><\/div>\n\n\n\n<div class=\"wp-block-uagb-column uagb-column__wrap uagb-column__background-undefined uagb-block-1e98bef0\"><div class=\"uagb-column__overlay\"><\/div><div class=\"uagb-column__inner-wrap\">\n<p><span style=\"color: #0da9e2;\"><b>Mit kell tudni az els\u0151seg\u00e9ly vizsg\u00e1r\u00f3l?<\/b><\/span><\/p>\n<p>Az els\u0151seg\u00e9ly vizsga sz\u00fcks\u00e9ges ahhoz, hogy miut\u00e1n minden vizsg\u00e1dat sikerrel z\u00e1rtad, az okm\u00e1nyirod\u00e1ban elind\u00edthatsd a jogos\u00edtv\u00e1ny ig\u00e9nyl\u00e9s\u00e9t. \u00cdgy ez elengedhetetlen, viszont nem s\u00fcrg\u0151s, r\u00e1\u00e9r a vizsg\u00e1id v\u00e9g\u00e9ig.<\/p>\n<\/div><\/div>\n<\/div><\/section>\n\n\n\n<section class=\"wp-block-uagb-columns uagb-columns__wrap uagb-columns__background-undefined uagb-columns__stack-mobile uagb-columns__valign-undefined uagb-columns__gap-10 alignundefined uagb-block-5be4716f\"><div class=\"uagb-columns__overlay\"><\/div><div class=\"uagb-columns__inner-wrap uagb-columns__columns-3\">\n<div class=\"wp-block-uagb-column uagb-column__wrap uagb-column__background-undefined uagb-block-7a87a114\"><div class=\"uagb-column__overlay\"><\/div><div class=\"uagb-column__inner-wrap\">\n<p><span style=\"color: #0da9e2;\"><b>M\u00e9g soha nem vezettem. Ez h\u00e1tr\u00e1ny?<\/b><\/span><\/p>\n<p>Nem! Nem kell megijedned, az\u00e9rt j\u00f6ssz hozz\u00e1nk, hogy megtan\u00edtsunk mindenre. Ha m\u00e9g nem vezett\u00e9l az ink\u00e1bb el\u0151ny lehet a sz\u00e1modra, hiszen nincsenek m\u00e9g ber\u00f6gz\u00fclt \u201erossz\u201d szok\u00e1said, amelyekre a tan\u00f3r\u00e1k sor\u00e1n hossz\u00fa id\u0151t kellene sz\u00e1nni, mire a helyes m\u00f3don csin\u00e1lod. Gyere b\u00e1tran, tanuld meg hogyan kell!<\/p>\n<\/div><\/div>\n\n\n\n<div class=\"wp-block-uagb-column uagb-column__wrap uagb-column__background-undefined uagb-block-f81c4980\"><div class=\"uagb-column__overlay\"><\/div><div class=\"uagb-column__inner-wrap\">\n<p><span style=\"color: #0da9e2;\"><b>Mennyi id\u0151m van a KRESZ vizsg\u00e1t sikeresen letenni?<\/b><\/span><\/p>\n<p>A tanfolyam indul\u00e1s\u00e1nak napj\u00e1t\u00f3l \u00f6sszesen 9 h\u00f3nap \u00e1ll rendelkez\u00e9sedre, hogy megpr\u00f3b\u00e1lkozz legal\u00e1bb egyszer a KRESZ vizsg\u00e1val, m\u00e9g ha nem is sikeresen.<\/p>\n<p>Valamint a tanfolyam indul\u00e1s\u00e1nak napj\u00e1t\u00f3l \u00f6sszesen 12 h\u00f3nap \u00e1ll rendelkez\u00e9sedre, hogy sikeres KRESZ vizsg\u00e1t t\u00e9gy.<\/p>\n<\/div><\/div>\n\n\n\n<div class=\"wp-block-uagb-column uagb-column__wrap uagb-column__background-undefined uagb-block-e3306f57\"><div class=\"uagb-column__overlay\"><\/div><div class=\"uagb-column__inner-wrap\">\n<p><span style=\"color: #0da9e2;\"><b>Mennyi id\u0151m van a forgalmi vizsg\u00e1t sikeresen megcsin\u00e1lni?<\/b><\/span><\/p>\n<p>A sikeres KRESZ vizsg\u00e1dat k\u00f6vet\u0151en 2 \u00e9ved van, hogy sikeres forgalmi vizsg\u00e1t t\u00e9gy.<\/p>\n<\/div><\/div>\n<\/div><\/section>\n\n\n\n<section class=\"wp-block-uagb-columns uagb-columns__wrap uagb-columns__background-undefined uagb-columns__stack-mobile uagb-columns__valign-undefined uagb-columns__gap-10 alignundefined uagb-block-26f6277e\"><div class=\"uagb-columns__overlay\"><\/div><div class=\"uagb-columns__inner-wrap uagb-columns__columns-3\">\n<div class=\"wp-block-uagb-column uagb-column__wrap uagb-column__background-undefined uagb-block-71156aa7\"><div class=\"uagb-column__overlay\"><\/div><div class=\"uagb-column__inner-wrap\">\n<p><span style=\"color: #0da9e2;\"><b>Hogyan juthatok hozz\u00e1 a tananyaghoz, illetve mennyibe ker\u00fcl?<\/b><\/span><\/p>\n<p>Tanul\u00f3inknak d\u00edjmentesen biztos\u00edtjuk a sikeres vizsg\u00e1hoz sz\u00fcks\u00e9ges tananyagot, tank\u00f6nyvet, tesztk\u00f6nyvet \u00e9s korl\u00e1tlan sz\u00e1m\u00edt\u00f3g\u00e9pes gyakorl\u00e1si lehet\u0151s\u00e9get.<\/p>\n\n\n\n<p><span style=\"color: #0da9e2;\"><b>Milyen pap\u00edrokra, dokumentumokra van sz\u00fcks\u00e9gem a jelentkez\u00e9sn\u00e9l?<\/b><\/span><\/p>\n<p>A jelentkez\u00e9shez sz\u00fcks\u00e9ges a szem\u00e9ly igazolv\u00e1nyod, ami alapj\u00e1n a szem\u00e9lyes adataidat vessz\u00fck fel, illetve ha van m\u00e1r valamilyen kateg\u00f3ri\u00e1ban jogos\u00edtv\u00e1nyod, akkor annak a f\u00e9nym\u00e1solata kell.\u00a0 Tov\u00e1bb\u00e1 egy orvosi alkalmass\u00e1gi igazol\u00e1s, amit a h\u00e1zi orvosod \u00e1ll\u00edt ki neked, \u00e9s amit legk\u00e9s\u0151bb a tanfolyam indul\u00e1s\u00e1ig hoznod kell.<\/p>\n<p>\u00c9s v\u00e9g\u00fcl sz\u00fcks\u00e9g van az \u00e1ltal\u00e1nos iskolai bizony\u00edtv\u00e1nyodra (vagy e f\u00f6l\u00f6tt b\u00e1rmi j\u00f3), amellyel igazolhatod a 8. \u00e1ltal\u00e1nos iskolai v\u00e9gzetts\u00e9gedet. Ezt bemutathatod az els\u0151 KRESZ vizsg\u00e1d alkalm\u00e1val a K\u00f6zleked\u00e9si Hat\u00f3s\u00e1gn\u00e1l szem\u00e9lyesen. Elfogadhat\u00f3 helyette az \u00e9rv\u00e9nyes di\u00e1kigazolv\u00e1nyod (k\u00f6z\u00e9piskolai vagy fels\u0151oktat\u00e1si).<\/p>\n<\/div><\/div>\n\n\n\n<div class=\"wp-block-uagb-column uagb-column__wrap uagb-column__background-undefined uagb-block-649f3fa1\"><div class=\"uagb-column__overlay\"><\/div><div class=\"uagb-column__inner-wrap\">\n<p><span style=\"color: #0080ff;\"><strong>V\u00e9geztem az E-learning tananyaggal, mi a k\u00f6vetkez\u0151 l\u00e9p\u00e9s?<\/strong><\/span><\/p>\n<p>Hozd be az aut\u00f3siskol\u00e1nk irod\u00e1j\u00e1ba az orvosi alkalmass\u00e1gi igazol\u00e1sod (h\u00e1zi orvosod \u00e1ll\u00edtja ki), a KRESZ vizsga d\u00edj\u00e1t (4.600Ft), \u00e9s ott n\u00e9z\u00fcnk neked KRESZ vizsga id\u0151pontot. Ezek ut\u00e1n m\u00e1r csak tesztelned, k\u00e9sz\u00fcln\u00f6d kell a vizsg\u00e1ra.<\/p>\n<\/div><\/div>\n\n\n\n<div class=\"wp-block-uagb-column uagb-column__wrap uagb-column__background-undefined uagb-block-46a978de\"><div class=\"uagb-column__overlay\"><\/div><div class=\"uagb-column__inner-wrap\"><\/div><\/div>\n<\/div><\/section>\n\n\n","protected":false},"excerpt":{"rendered":"<p>Van-e r\u00e9szletfizet\u00e9si lehet\u0151s\u00e9g? Igen. Term\u00e9szetes tiszt\u00e1ban vagyunk vele, hogy nem kis \u00f6sszegbe ker\u00fcl manaps\u00e1g a jogos\u00edtv\u00e1ny, \u00edgy igyeksz\u00fcnk a legjobb r\u00e9szletfizet\u00e9si felt\u00e9teleket biztos\u00edtani tanul\u00f3inknak. Hol tudom az orvosi alkalmass\u00e1gi igazol\u00e1st megcsin\u00e1ltatni? Egyszer\u0171en csak a h\u00e1zi orvosodhoz kell elmenned, \u00e9s mondani neki, hogy egy orvosi alkalmass\u00e1gi igazol\u00e1st szeretn\u00e9l aut\u00f3vezet\u00e9shez. Ennek term\u00e9szetesen d\u00edja van, amit ott, a &hellip; <\/p>\n","protected":false},"author":1,"featured_media":1525,"parent":0,"menu_order":0,"comment_status":"open","ping_status":"open","template":"","meta":{"_uag_custom_page_level_css":"","_monsterinsights_skip_tracking":false,"_monsterinsights_sitenote_active":false,"_monsterinsights_sitenote_note":"","_monsterinsights_sitenote_category":0},"uagb_featured_image_src":{"full":["https:\/\/morvayautosiskola.hu\/wp-content\/uploads\/2020\/11\/plak15.png",630,528,false],"thumbnail":["https:\/\/morvayautosiskola.hu\/wp-content\/uploads\/2020\/11\/plak15-150x150.png",150,150,true],"medium":["https:\/\/morvayautosiskola.hu\/wp-content\/uploads\/2020\/11\/plak15-300x300.png",300,300,true],"medium_large":["https:\/\/morvayautosiskola.hu\/wp-content\/uploads\/2020\/11\/plak15.png",630,528,false],"large":["https:\/\/morvayautosiskola.hu\/wp-content\/uploads\/2020\/11\/plak15.png",630,528,false],"1536x1536":["https:\/\/morvayautosiskola.hu\/wp-content\/uploads\/2020\/11\/plak15.png",630,528,false],"2048x2048":["https:\/\/morvayautosiskola.hu\/wp-content\/uploads\/2020\/11\/plak15.png",630,528,false],"blossom-feminine-slider":["https:\/\/morvayautosiskola.hu\/wp-content\/uploads\/2020\/11\/plak15.png",630,528,false],"blossom-feminine-featured":["https:\/\/morvayautosiskola.hu\/wp-content\/uploads\/2020\/11\/plak15.png",630,528,false],"blossom-feminine-with-sidebar":["https:\/\/morvayautosiskola.hu\/wp-content\/uploads\/2020\/11\/plak15.png",630,528,false],"blossom-feminine-blog":["https:\/\/morvayautosiskola.hu\/wp-content\/uploads\/2020\/11\/plak15-435x435.png",435,435,true],"blossom-feminine-cat":["https:\/\/morvayautosiskola.hu\/wp-content\/uploads\/2020\/11\/plak15-450x300.png",450,300,true],"blossom-feminine-related":["https:\/\/morvayautosiskola.hu\/wp-content\/uploads\/2020\/11\/plak15-320x200.png",320,200,true],"blossom-feminine-schema":["https:\/\/morvayautosiskola.hu\/wp-content\/uploads\/2020\/11\/plak15-72x60.png",72,60,true]},"uagb_author_info":{"display_name":"admin","author_link":"https:\/\/morvayautosiskola.hu\/?author=1"},"uagb_comment_info":0,"uagb_excerpt":"Van-e r\u00e9szletfizet\u00e9si lehet\u0151s\u00e9g? Igen. Term\u00e9szetes tiszt\u00e1ban vagyunk vele, hogy nem kis \u00f6sszegbe ker\u00fcl manaps\u00e1g a jogos\u00edtv\u00e1ny, \u00edgy igyeksz\u00fcnk a legjobb r\u00e9szletfizet\u00e9si felt\u00e9teleket biztos\u00edtani tanul\u00f3inknak. Hol tudom az orvosi alkalmass\u00e1gi igazol\u00e1st megcsin\u00e1ltatni? Egyszer\u0171en csak a h\u00e1zi orvosodhoz kell elmenned, \u00e9s mondani neki, hogy egy orvosi alkalmass\u00e1gi igazol\u00e1st szeretn\u00e9l aut\u00f3vezet\u00e9shez. Ennek term\u00e9szetesen d\u00edja van, amit ott, a&hellip;","yoast_head":"<!-- This site is optimized with the Yoast SEO plugin v15.2.1 - https:\/\/yoast.com\/wordpress\/plugins\/seo\/ -->\n<title>Gyakori k\u00e9rd\u00e9sek -<\/title>\n<meta name=\"description\" content=\"GYURMO Aut\u00f3siskola Kft. 2700 Cegl\u00e9d, R\u00e1k\u00f3czi \u00fat 13.\" \/>\n<meta name=\"robots\" content=\"index, follow, max-snippet:-1, max-image-preview:large, max-video-preview:-1\" \/>\n<link rel=\"canonical\" href=\"http:\/\/morvayautosiskola.hu\/?page_id=45\" \/>\n<meta property=\"og:locale\" content=\"hu_HU\" \/>\n<meta property=\"og:type\" content=\"article\" \/>\n<meta property=\"og:title\" content=\"Gyakori k\u00e9rd\u00e9sek -\" \/>\n<meta property=\"og:description\" content=\"GYURMO Aut\u00f3siskola Kft. 2700 Cegl\u00e9d, R\u00e1k\u00f3czi \u00fat 13.\" \/>\n<meta property=\"og:url\" content=\"http:\/\/morvayautosiskola.hu\/?page_id=45\" \/>\n<meta property=\"article:modified_time\" content=\"2020-11-22T11:10:15+00:00\" \/>\n<meta property=\"og:image\" content=\"https:\/\/morvayautosiskola.hu\/wp-content\/uploads\/2020\/11\/plak15.png\" \/>\n\t<meta property=\"og:image:width\" content=\"630\" \/>\n\t<meta property=\"og:image:height\" content=\"528\" \/>\n<meta name=\"twitter:card\" content=\"summary_large_image\" \/>\n<meta name=\"twitter:label1\" content=\"Szerz\u0151:\">\n\t<meta name=\"twitter:data1\" content=\"admin\">\n\t<meta name=\"twitter:label2\" content=\"Becs\u00fclt olvas\u00e1si id\u0151\">\n\t<meta name=\"twitter:data2\" content=\"2 perc\">\n<script type=\"application\/ld+json\" class=\"yoast-schema-graph\">{\"@context\":\"https:\/\/schema.org\",\"@graph\":[{\"@type\":\"WebSite\",\"@id\":\"https:\/\/morvayautosiskola.hu\/#website\",\"url\":\"https:\/\/morvayautosiskola.hu\/\",\"name\":\"\",\"description\":\"&quot;Ha jogsi kell, mondd csak ki: AUT\\u00d3SISKOLA MORVAY!&quot;\",\"potentialAction\":[{\"@type\":\"SearchAction\",\"target\":\"https:\/\/morvayautosiskola.hu\/?s={search_term_string}\",\"query-input\":\"required name=search_term_string\"}],\"inLanguage\":\"hu\"},{\"@type\":\"ImageObject\",\"@id\":\"http:\/\/morvayautosiskola.hu\/?page_id=45#primaryimage\",\"inLanguage\":\"hu\",\"url\":\"https:\/\/morvayautosiskola.hu\/wp-content\/uploads\/2020\/11\/plak15.png\",\"width\":630,\"height\":528},{\"@type\":\"WebPage\",\"@id\":\"http:\/\/morvayautosiskola.hu\/?page_id=45#webpage\",\"url\":\"http:\/\/morvayautosiskola.hu\/?page_id=45\",\"name\":\"Gyakori k\\u00e9rd\\u00e9sek -\",\"isPartOf\":{\"@id\":\"https:\/\/morvayautosiskola.hu\/#website\"},\"primaryImageOfPage\":{\"@id\":\"http:\/\/morvayautosiskola.hu\/?page_id=45#primaryimage\"},\"datePublished\":\"2014-02-18T15:42:30+00:00\",\"dateModified\":\"2020-11-22T11:10:15+00:00\",\"description\":\"GYURMO Aut\\u00f3siskola Kft. 2700 Cegl\\u00e9d, R\\u00e1k\\u00f3czi \\u00fat 13.\",\"inLanguage\":\"hu\",\"potentialAction\":[{\"@type\":\"ReadAction\",\"target\":[\"http:\/\/morvayautosiskola.hu\/?page_id=45\"]}]}]}<\/script>\n<!-- \/ Yoast SEO plugin. -->","_links":{"self":[{"href":"https:\/\/morvayautosiskola.hu\/index.php?rest_route=\/wp\/v2\/pages\/45"}],"collection":[{"href":"https:\/\/morvayautosiskola.hu\/index.php?rest_route=\/wp\/v2\/pages"}],"about":[{"href":"https:\/\/morvayautosiskola.hu\/index.php?rest_route=\/wp\/v2\/types\/page"}],"author":[{"embeddable":true,"href":"https:\/\/morvayautosiskola.hu\/index.php?rest_route=\/wp\/v2\/users\/1"}],"replies":[{"embeddable":true,"href":"https:\/\/morvayautosiskola.hu\/index.php?rest_route=%2Fwp%2Fv2%2Fcomments&post=45"}],"version-history":[{"count":18,"href":"https:\/\/morvayautosiskola.hu\/index.php?rest_route=\/wp\/v2\/pages\/45\/revisions"}],"predecessor-version":[{"id":1614,"href":"https:\/\/morvayautosiskola.hu\/index.php?rest_route=\/wp\/v2\/pages\/45\/revisions\/1614"}],"wp:featuredmedia":[{"embeddable":true,"href":"https:\/\/morvayautosiskola.hu\/index.php?rest_route=\/wp\/v2\/media\/1525"}],"wp:attachment":[{"href":"https:\/\/morvayautosiskola.hu\/index.php?rest_route=%2Fwp%2Fv2%2Fmedia&parent=45"}],"curies":[{"name":"wp","href":"https:\/\/api.w.org\/{rel}","templated":true}]}}