{"id":43,"date":"2014-02-18T15:42:14","date_gmt":"2014-02-18T15:42:14","guid":{"rendered":"http:\/\/morvayautosiskola.hu\/?page_id=43"},"modified":"2020-11-16T21:58:34","modified_gmt":"2020-11-16T21:58:34","slug":"gyakorlo-vezetes","status":"publish","type":"page","link":"https:\/\/morvayautosiskola.hu\/?page_id=43","title":{"rendered":"Gyakorl\u00f3 vezet\u00e9s"},"content":{"rendered":"<p style=\"text-align: justify;\">A gyakorl\u00f3 vezet\u00e9s azoknak sz\u00f3l, akik m\u00e1r megszerezt\u00e9k a jogos\u00edtv\u00e1nyukat, de \u00fagy \u00e9rzik, hogy sz\u00fcks\u00e9g\u00fck van n\u00e9h\u00e1ny plusz \u00f3r\u00e1ra egy k\u00e9pzett oktat\u00f3 mellett, hogy \u00f6n\u00e1ll\u00f3an is ki tudjanak, ki merjenek menni az utc\u00e1ra.<\/p>\n<p style=\"text-align: justify;\">Term\u00e9szetesen b\u00e1tran jelentkezhet az is, akinek m\u00e1r van jogos\u00edtv\u00e1nya t\u00edz, h\u00fasz vagy ak\u00e1r m\u00e1r \u00f6tven \u00e9ve is, de az\u00f3ta sem \u00fclt a vol\u00e1n m\u00f6g\u00f6tt, viszont most el\u00e9rkezettnek l\u00e1tja az id\u0151t arra. hogy ism\u00e9t feleleven\u00edtse a r\u00e9gen tanultakat, \u00e9s \u00f6n\u00e1ll\u00f3 sof\u0151r v\u00e1ljon bel\u0151le.<\/p>\n","protected":false},"excerpt":{"rendered":"<p>A gyakorl\u00f3 vezet\u00e9s azoknak sz\u00f3l, akik m\u00e1r megszerezt\u00e9k a jogos\u00edtv\u00e1nyukat, de \u00fagy \u00e9rzik, hogy sz\u00fcks\u00e9g\u00fck van n\u00e9h\u00e1ny plusz \u00f3r\u00e1ra egy k\u00e9pzett oktat\u00f3 mellett, hogy \u00f6n\u00e1ll\u00f3an is ki tudjanak, ki merjenek menni az utc\u00e1ra. Term\u00e9szetesen b\u00e1tran jelentkezhet az is, akinek m\u00e1r van jogos\u00edtv\u00e1nya t\u00edz, h\u00fasz vagy ak\u00e1r m\u00e1r \u00f6tven \u00e9ve is, de az\u00f3ta sem \u00fclt a &hellip; <\/p>\n","protected":false},"author":1,"featured_media":1517,"parent":0,"menu_order":0,"comment_status":"open","ping_status":"open","template":"","meta":{"_uag_custom_page_level_css":"","_monsterinsights_skip_tracking":false,"_monsterinsights_sitenote_active":false,"_monsterinsights_sitenote_note":"","_monsterinsights_sitenote_category":0},"uagb_featured_image_src":{"full":["https:\/\/morvayautosiskola.hu\/wp-content\/uploads\/2020\/11\/plak12-1.png",630,528,false],"thumbnail":["https:\/\/morvayautosiskola.hu\/wp-content\/uploads\/2020\/11\/plak12-1-150x150.png",150,150,true],"medium":["https:\/\/morvayautosiskola.hu\/wp-content\/uploads\/2020\/11\/plak12-1-300x300.png",300,300,true],"medium_large":["https:\/\/morvayautosiskola.hu\/wp-content\/uploads\/2020\/11\/plak12-1.png",630,528,false],"large":["https:\/\/morvayautosiskola.hu\/wp-content\/uploads\/2020\/11\/plak12-1.png",630,528,false],"1536x1536":["https:\/\/morvayautosiskola.hu\/wp-content\/uploads\/2020\/11\/plak12-1.png",630,528,false],"2048x2048":["https:\/\/morvayautosiskola.hu\/wp-content\/uploads\/2020\/11\/plak12-1.png",630,528,false],"blossom-feminine-slider":["https:\/\/morvayautosiskola.hu\/wp-content\/uploads\/2020\/11\/plak12-1.png",630,528,false],"blossom-feminine-featured":["https:\/\/morvayautosiskola.hu\/wp-content\/uploads\/2020\/11\/plak12-1.png",630,528,false],"blossom-feminine-with-sidebar":["https:\/\/morvayautosiskola.hu\/wp-content\/uploads\/2020\/11\/plak12-1.png",630,528,false],"blossom-feminine-blog":["https:\/\/morvayautosiskola.hu\/wp-content\/uploads\/2020\/11\/plak12-1-435x435.png",435,435,true],"blossom-feminine-cat":["https:\/\/morvayautosiskola.hu\/wp-content\/uploads\/2020\/11\/plak12-1-450x300.png",450,300,true],"blossom-feminine-related":["https:\/\/morvayautosiskola.hu\/wp-content\/uploads\/2020\/11\/plak12-1-320x200.png",320,200,true],"blossom-feminine-schema":["https:\/\/morvayautosiskola.hu\/wp-content\/uploads\/2020\/11\/plak12-1-72x60.png",72,60,true]},"uagb_author_info":{"display_name":"admin","author_link":"https:\/\/morvayautosiskola.hu\/?author=1"},"uagb_comment_info":0,"uagb_excerpt":"A gyakorl\u00f3 vezet\u00e9s azoknak sz\u00f3l, akik m\u00e1r megszerezt\u00e9k a jogos\u00edtv\u00e1nyukat, de \u00fagy \u00e9rzik, hogy sz\u00fcks\u00e9g\u00fck van n\u00e9h\u00e1ny plusz \u00f3r\u00e1ra egy k\u00e9pzett oktat\u00f3 mellett, hogy \u00f6n\u00e1ll\u00f3an is ki tudjanak, ki merjenek menni az utc\u00e1ra. Term\u00e9szetesen b\u00e1tran jelentkezhet az is, akinek m\u00e1r van jogos\u00edtv\u00e1nya t\u00edz, h\u00fasz vagy ak\u00e1r m\u00e1r \u00f6tven \u00e9ve is, de az\u00f3ta sem \u00fclt a&hellip;","yoast_head":"<!-- This site is optimized with the Yoast SEO plugin v15.2.1 - https:\/\/yoast.com\/wordpress\/plugins\/seo\/ -->\n<title>Gyakorl\u00f3 vezet\u00e9s -<\/title>\n<meta name=\"robots\" content=\"index, follow, max-snippet:-1, max-image-preview:large, max-video-preview:-1\" \/>\n<link rel=\"canonical\" href=\"https:\/\/morvayautosiskola.hu\/?page_id=43\" \/>\n<meta property=\"og:locale\" content=\"hu_HU\" \/>\n<meta property=\"og:type\" content=\"article\" \/>\n<meta property=\"og:title\" content=\"Gyakorl\u00f3 vezet\u00e9s -\" \/>\n<meta property=\"og:description\" content=\"A gyakorl\u00f3 vezet\u00e9s azoknak sz\u00f3l, akik m\u00e1r megszerezt\u00e9k a jogos\u00edtv\u00e1nyukat, de \u00fagy \u00e9rzik, hogy sz\u00fcks\u00e9g\u00fck van n\u00e9h\u00e1ny plusz \u00f3r\u00e1ra egy k\u00e9pzett oktat\u00f3 mellett, hogy \u00f6n\u00e1ll\u00f3an is ki tudjanak, ki merjenek menni az utc\u00e1ra. Term\u00e9szetesen b\u00e1tran jelentkezhet az is, akinek m\u00e1r van jogos\u00edtv\u00e1nya t\u00edz, h\u00fasz vagy ak\u00e1r m\u00e1r \u00f6tven \u00e9ve is, de az\u00f3ta sem \u00fclt a &hellip;\" \/>\n<meta property=\"og:url\" content=\"https:\/\/morvayautosiskola.hu\/?page_id=43\" \/>\n<meta property=\"article:modified_time\" content=\"2020-11-16T21:58:34+00:00\" \/>\n<meta property=\"og:image\" content=\"https:\/\/morvayautosiskola.hu\/wp-content\/uploads\/2020\/11\/plak12-1.png\" \/>\n\t<meta property=\"og:image:width\" content=\"630\" \/>\n\t<meta property=\"og:image:height\" content=\"528\" \/>\n<meta name=\"twitter:card\" content=\"summary_large_image\" \/>\n<meta name=\"twitter:label1\" content=\"Szerz\u0151:\">\n\t<meta name=\"twitter:data1\" content=\"admin\">\n\t<meta name=\"twitter:label2\" content=\"Becs\u00fclt olvas\u00e1si id\u0151\">\n\t<meta name=\"twitter:data2\" content=\"0 perc\">\n<script type=\"application\/ld+json\" class=\"yoast-schema-graph\">{\"@context\":\"https:\/\/schema.org\",\"@graph\":[{\"@type\":\"WebSite\",\"@id\":\"https:\/\/morvayautosiskola.hu\/#website\",\"url\":\"https:\/\/morvayautosiskola.hu\/\",\"name\":\"\",\"description\":\"&quot;Ha jogsi kell, mondd csak ki: AUT\\u00d3SISKOLA MORVAY!&quot;\",\"potentialAction\":[{\"@type\":\"SearchAction\",\"target\":\"https:\/\/morvayautosiskola.hu\/?s={search_term_string}\",\"query-input\":\"required name=search_term_string\"}],\"inLanguage\":\"hu\"},{\"@type\":\"ImageObject\",\"@id\":\"https:\/\/morvayautosiskola.hu\/?page_id=43#primaryimage\",\"inLanguage\":\"hu\",\"url\":\"https:\/\/morvayautosiskola.hu\/wp-content\/uploads\/2020\/11\/plak12-1.png\",\"width\":630,\"height\":528},{\"@type\":\"WebPage\",\"@id\":\"https:\/\/morvayautosiskola.hu\/?page_id=43#webpage\",\"url\":\"https:\/\/morvayautosiskola.hu\/?page_id=43\",\"name\":\"Gyakorl\\u00f3 vezet\\u00e9s -\",\"isPartOf\":{\"@id\":\"https:\/\/morvayautosiskola.hu\/#website\"},\"primaryImageOfPage\":{\"@id\":\"https:\/\/morvayautosiskola.hu\/?page_id=43#primaryimage\"},\"datePublished\":\"2014-02-18T15:42:14+00:00\",\"dateModified\":\"2020-11-16T21:58:34+00:00\",\"inLanguage\":\"hu\",\"potentialAction\":[{\"@type\":\"ReadAction\",\"target\":[\"https:\/\/morvayautosiskola.hu\/?page_id=43\"]}]}]}<\/script>\n<!-- \/ Yoast SEO plugin. -->","_links":{"self":[{"href":"https:\/\/morvayautosiskola.hu\/index.php?rest_route=\/wp\/v2\/pages\/43"}],"collection":[{"href":"https:\/\/morvayautosiskola.hu\/index.php?rest_route=\/wp\/v2\/pages"}],"about":[{"href":"https:\/\/morvayautosiskola.hu\/index.php?rest_route=\/wp\/v2\/types\/page"}],"author":[{"embeddable":true,"href":"https:\/\/morvayautosiskola.hu\/index.php?rest_route=\/wp\/v2\/users\/1"}],"replies":[{"embeddable":true,"href":"https:\/\/morvayautosiskola.hu\/index.php?rest_route=%2Fwp%2Fv2%2Fcomments&post=43"}],"version-history":[{"count":4,"href":"https:\/\/morvayautosiskola.hu\/index.php?rest_route=\/wp\/v2\/pages\/43\/revisions"}],"predecessor-version":[{"id":1294,"href":"https:\/\/morvayautosiskola.hu\/index.php?rest_route=\/wp\/v2\/pages\/43\/revisions\/1294"}],"wp:featuredmedia":[{"embeddable":true,"href":"https:\/\/morvayautosiskola.hu\/index.php?rest_route=\/wp\/v2\/media\/1517"}],"wp:attachment":[{"href":"https:\/\/morvayautosiskola.hu\/index.php?rest_route=%2Fwp%2Fv2%2Fmedia&parent=43"}],"curies":[{"name":"wp","href":"https:\/\/api.w.org\/{rel}","templated":true}]}}