{"id":41,"date":"2014-02-18T15:41:59","date_gmt":"2014-02-18T15:41:59","guid":{"rendered":"http:\/\/morvayautosiskola.hu\/?page_id=41"},"modified":"2020-11-16T22:01:47","modified_gmt":"2020-11-16T22:01:47","slug":"tanfolyam","status":"publish","type":"page","link":"https:\/\/morvayautosiskola.hu\/?page_id=41","title":{"rendered":"Tanfolyam"},"content":{"rendered":"\n<h4 style=\"text-align: center;\"><span style=\"color: #0da9e2;\"><strong>Nem tudod eld\u00f6nteni melyik tanul\u00e1si form\u00e1t v\u00e1laszd?<\/strong><\/span><\/h4>\n<h4 style=\"text-align: center;\"><span style=\"color: #0da9e2;\"><strong>Adunk egy kis seg\u00edts\u00e9get!<\/strong><\/span><\/h4>\n<p><strong>&nbsp;<\/strong><\/p>\n\n\n\n<section class=\"wp-block-uagb-columns uagb-columns__wrap uagb-columns__background-undefined uagb-columns__stack-mobile uagb-columns__valign-undefined uagb-columns__gap-10 alignundefined uagb-block-f07656a9\"><div class=\"uagb-columns__overlay\"><\/div><div class=\"uagb-columns__inner-wrap uagb-columns__columns-2\">\n<div class=\"wp-block-uagb-column uagb-column__wrap uagb-column__background-undefined uagb-block-a99f8c52\"><div class=\"uagb-column__overlay\"><\/div><div class=\"uagb-column__inner-wrap\">\n<p><strong>A tantermi tanul\u00e1s el\u0151nyei:<\/strong><\/p>\n<ul>\n<li>Bar\u00e1ts\u00e1gos, csal\u00e1dias l\u00e9gk\u00f6r.<\/li>\n<li>Nagy tapasztalattal rendelkez\u0151&nbsp;oktat\u00f3&nbsp;magyar\u00e1zza el a KRESZ szab\u00e1lyokat.<\/li>\n<li>A tanul\u00e1st seg\u00edt\u0151 tananyagot \u00e9s online&nbsp;tesztel\u00e9st&nbsp;az aut\u00f3siskola biztos\u00edtja.<\/li>\n<li>Aj\u00e1nd\u00e9k alkalom a tesztk\u00e9rd\u00e9sek gyakorl\u00e1s\u00e1ra.<\/li>\n<li>A tanul\u00e1s k\u00f6nnyebb, ha&nbsp;hallod \u00e9s l\u00e1tod&nbsp;a tananyagot, \u00e9s a k\u00e9rd\u00e9seidet azonnal megvitathatjuk.<\/li>\n<li><strong>Jelentkezz min\u00e9l hamarabb, a l\u00e9tsz\u00e1m korl\u00e1tozott!<\/strong><br>Itt k\u00e9rdezhetsz b\u00e1tran, seg\u00edt\u00fcnk eligazodni a KRESZ rejtelmeiben!<\/li>\n<\/ul>\n<\/div><\/div>\n\n\n\n<div class=\"wp-block-uagb-column uagb-column__wrap uagb-column__background-undefined uagb-block-53197bbc\"><div class=\"uagb-column__overlay\"><\/div><div class=\"uagb-column__inner-wrap\">\n<p><strong>Az e-learning tanul\u00e1s el\u0151nyei:<\/strong><strong><br><br><\/strong><\/p>\n<ul>\n<li>B\u00c1RMIKOR beiratkozhatsz, B\u00c1RMIKOR kezdhetsz tanulni.<\/li>\n<li>Saj\u00e1t id\u0151beoszt\u00e1sod szerint haladhatsz a tananyaggal.<\/li>\n<li>A tananyag b\u0151s\u00e9ges inform\u00e1ci\u00f3t \u00e9s illusztr\u00e1ci\u00f3t \u00e9s tesztet tartalmaz.<\/li>\n<li>Az aut\u00f3siskola mindenben seg\u00edt, ha b\u00e1rmivel gondod lenne vagy elakadn\u00e1l.<\/li>\n<li><strong>AK\u00c1R 1 NAP ALATT IS ELV\u00c9GEZHETED A TANFOLYAMOT!<\/strong><\/li>\n<\/ul>\n<\/div><\/div>\n<\/div><\/section>\n\n\n\n<section class=\"wp-block-uagb-columns uagb-columns__wrap uagb-columns__background-undefined uagb-columns__stack-mobile uagb-columns__valign-undefined uagb-columns__gap-10 alignundefined uagb-block-9d7da106\"><div class=\"uagb-columns__overlay\"><\/div><div class=\"uagb-columns__inner-wrap uagb-columns__columns-2\">\n<div class=\"wp-block-uagb-column uagb-column__wrap uagb-column__background-undefined uagb-block-0eee983a\"><div class=\"uagb-column__overlay\"><\/div><div class=\"uagb-column__inner-wrap\">\n<div class=\"wp-block-image is-style-rounded\"><figure class=\"aligncenter size-medium\"><img decoding=\"async\" loading=\"lazy\" width=\"300\" height=\"225\" src=\"http:\/\/morvayautosiskola.hu\/wp-content\/uploads\/2014\/02\/kep3-300x225.jpg\" alt=\"\" class=\"wp-image-582 colorbox-41\" srcset=\"https:\/\/morvayautosiskola.hu\/wp-content\/uploads\/2014\/02\/kep3-300x225.jpg 300w, https:\/\/morvayautosiskola.hu\/wp-content\/uploads\/2014\/02\/kep3-1024x768.jpg 1024w, https:\/\/morvayautosiskola.hu\/wp-content\/uploads\/2014\/02\/kep3-100x75.jpg 100w\" sizes=\"(max-width: 300px) 100vw, 300px\" \/><\/figure><\/div>\n<\/div><\/div>\n\n\n\n<div class=\"wp-block-uagb-column uagb-column__wrap uagb-column__background-undefined uagb-block-a1a2c9fd\"><div class=\"uagb-column__overlay\"><\/div><div class=\"uagb-column__inner-wrap\">\n<div class=\"wp-block-image is-style-rounded\"><figure class=\"aligncenter size-large\"><img decoding=\"async\" loading=\"lazy\" width=\"300\" height=\"224\" src=\"http:\/\/morvayautosiskola.hu\/wp-content\/uploads\/2020\/11\/homeoffice-pic-scaled-1024x681-1.jpg\" alt=\"\" class=\"wp-image-1313 colorbox-41\" srcset=\"https:\/\/morvayautosiskola.hu\/wp-content\/uploads\/2020\/11\/homeoffice-pic-scaled-1024x681-1.jpg 300w, https:\/\/morvayautosiskola.hu\/wp-content\/uploads\/2020\/11\/homeoffice-pic-scaled-1024x681-1-80x60.jpg 80w\" sizes=\"(max-width: 300px) 100vw, 300px\" \/><\/figure><\/div>\n<\/div><\/div>\n<\/div><\/section>\n\n\n\n<div class=\"wp-block-columns is-layout-flex wp-container-2\">\n<div class=\"wp-block-column is-layout-flow\"><\/div>\n<\/div>\n\n\n","protected":false},"excerpt":{"rendered":"<p>Nem tudod eld\u00f6nteni melyik tanul\u00e1si form\u00e1t v\u00e1laszd? Adunk egy kis seg\u00edts\u00e9get! &nbsp; A tantermi tanul\u00e1s el\u0151nyei: Bar\u00e1ts\u00e1gos, csal\u00e1dias l\u00e9gk\u00f6r. Nagy tapasztalattal rendelkez\u0151&nbsp;oktat\u00f3&nbsp;magyar\u00e1zza el a KRESZ szab\u00e1lyokat. A tanul\u00e1st seg\u00edt\u0151 tananyagot \u00e9s online&nbsp;tesztel\u00e9st&nbsp;az aut\u00f3siskola biztos\u00edtja. Aj\u00e1nd\u00e9k alkalom a tesztk\u00e9rd\u00e9sek gyakorl\u00e1s\u00e1ra. A tanul\u00e1s k\u00f6nnyebb, ha&nbsp;hallod \u00e9s l\u00e1tod&nbsp;a tananyagot, \u00e9s a k\u00e9rd\u00e9seidet azonnal megvitathatjuk. Jelentkezz min\u00e9l hamarabb, a &hellip; <\/p>\n","protected":false},"author":1,"featured_media":1518,"parent":0,"menu_order":0,"comment_status":"open","ping_status":"open","template":"","meta":{"_uag_custom_page_level_css":"","_monsterinsights_skip_tracking":false,"_monsterinsights_sitenote_active":false,"_monsterinsights_sitenote_note":"","_monsterinsights_sitenote_category":0},"uagb_featured_image_src":{"full":["https:\/\/morvayautosiskola.hu\/wp-content\/uploads\/2020\/11\/plak10-1.png",630,528,false],"thumbnail":["https:\/\/morvayautosiskola.hu\/wp-content\/uploads\/2020\/11\/plak10-1-150x150.png",150,150,true],"medium":["https:\/\/morvayautosiskola.hu\/wp-content\/uploads\/2020\/11\/plak10-1-300x300.png",300,300,true],"medium_large":["https:\/\/morvayautosiskola.hu\/wp-content\/uploads\/2020\/11\/plak10-1.png",630,528,false],"large":["https:\/\/morvayautosiskola.hu\/wp-content\/uploads\/2020\/11\/plak10-1.png",630,528,false],"1536x1536":["https:\/\/morvayautosiskola.hu\/wp-content\/uploads\/2020\/11\/plak10-1.png",630,528,false],"2048x2048":["https:\/\/morvayautosiskola.hu\/wp-content\/uploads\/2020\/11\/plak10-1.png",630,528,false],"blossom-feminine-slider":["https:\/\/morvayautosiskola.hu\/wp-content\/uploads\/2020\/11\/plak10-1.png",630,528,false],"blossom-feminine-featured":["https:\/\/morvayautosiskola.hu\/wp-content\/uploads\/2020\/11\/plak10-1.png",630,528,false],"blossom-feminine-with-sidebar":["https:\/\/morvayautosiskola.hu\/wp-content\/uploads\/2020\/11\/plak10-1.png",630,528,false],"blossom-feminine-blog":["https:\/\/morvayautosiskola.hu\/wp-content\/uploads\/2020\/11\/plak10-1-435x435.png",435,435,true],"blossom-feminine-cat":["https:\/\/morvayautosiskola.hu\/wp-content\/uploads\/2020\/11\/plak10-1-450x300.png",450,300,true],"blossom-feminine-related":["https:\/\/morvayautosiskola.hu\/wp-content\/uploads\/2020\/11\/plak10-1-320x200.png",320,200,true],"blossom-feminine-schema":["https:\/\/morvayautosiskola.hu\/wp-content\/uploads\/2020\/11\/plak10-1-72x60.png",72,60,true]},"uagb_author_info":{"display_name":"admin","author_link":"https:\/\/morvayautosiskola.hu\/?author=1"},"uagb_comment_info":0,"uagb_excerpt":"Nem tudod eld\u00f6nteni melyik tanul\u00e1si form\u00e1t v\u00e1laszd? Adunk egy kis seg\u00edts\u00e9get! &nbsp; A tantermi tanul\u00e1s el\u0151nyei: Bar\u00e1ts\u00e1gos, csal\u00e1dias l\u00e9gk\u00f6r. Nagy tapasztalattal rendelkez\u0151&nbsp;oktat\u00f3&nbsp;magyar\u00e1zza el a KRESZ szab\u00e1lyokat. A tanul\u00e1st seg\u00edt\u0151 tananyagot \u00e9s online&nbsp;tesztel\u00e9st&nbsp;az aut\u00f3siskola biztos\u00edtja. Aj\u00e1nd\u00e9k alkalom a tesztk\u00e9rd\u00e9sek gyakorl\u00e1s\u00e1ra. A tanul\u00e1s k\u00f6nnyebb, ha&nbsp;hallod \u00e9s l\u00e1tod&nbsp;a tananyagot, \u00e9s a k\u00e9rd\u00e9seidet azonnal megvitathatjuk. Jelentkezz min\u00e9l hamarabb, a&hellip;","yoast_head":"<!-- This site is optimized with the Yoast SEO plugin v15.2.1 - https:\/\/yoast.com\/wordpress\/plugins\/seo\/ -->\n<title>Tanfolyam -<\/title>\n<meta name=\"robots\" content=\"index, follow, max-snippet:-1, max-image-preview:large, max-video-preview:-1\" \/>\n<link rel=\"canonical\" href=\"https:\/\/morvayautosiskola.hu\/?page_id=41\" \/>\n<meta property=\"og:locale\" content=\"hu_HU\" \/>\n<meta property=\"og:type\" content=\"article\" \/>\n<meta property=\"og:title\" content=\"Tanfolyam -\" \/>\n<meta property=\"og:description\" content=\"Nem tudod eld\u00f6nteni melyik tanul\u00e1si form\u00e1t v\u00e1laszd? Adunk egy kis seg\u00edts\u00e9get! &nbsp; A tantermi tanul\u00e1s el\u0151nyei: Bar\u00e1ts\u00e1gos, csal\u00e1dias l\u00e9gk\u00f6r. Nagy tapasztalattal rendelkez\u0151&nbsp;oktat\u00f3&nbsp;magyar\u00e1zza el a KRESZ szab\u00e1lyokat. A tanul\u00e1st seg\u00edt\u0151 tananyagot \u00e9s online&nbsp;tesztel\u00e9st&nbsp;az aut\u00f3siskola biztos\u00edtja. Aj\u00e1nd\u00e9k alkalom a tesztk\u00e9rd\u00e9sek gyakorl\u00e1s\u00e1ra. A tanul\u00e1s k\u00f6nnyebb, ha&nbsp;hallod \u00e9s l\u00e1tod&nbsp;a tananyagot, \u00e9s a k\u00e9rd\u00e9seidet azonnal megvitathatjuk. Jelentkezz min\u00e9l hamarabb, a &hellip;\" \/>\n<meta property=\"og:url\" content=\"https:\/\/morvayautosiskola.hu\/?page_id=41\" \/>\n<meta property=\"article:modified_time\" content=\"2020-11-16T22:01:47+00:00\" \/>\n<meta property=\"og:image\" content=\"https:\/\/morvayautosiskola.hu\/wp-content\/uploads\/2020\/11\/plak10-1.png\" \/>\n\t<meta property=\"og:image:width\" content=\"630\" \/>\n\t<meta property=\"og:image:height\" content=\"528\" \/>\n<meta name=\"twitter:card\" content=\"summary_large_image\" \/>\n<meta name=\"twitter:label1\" content=\"Szerz\u0151:\">\n\t<meta name=\"twitter:data1\" content=\"admin\">\n\t<meta name=\"twitter:label2\" content=\"Becs\u00fclt olvas\u00e1si id\u0151\">\n\t<meta name=\"twitter:data2\" content=\"1 perc\">\n<script type=\"application\/ld+json\" class=\"yoast-schema-graph\">{\"@context\":\"https:\/\/schema.org\",\"@graph\":[{\"@type\":\"WebSite\",\"@id\":\"https:\/\/morvayautosiskola.hu\/#website\",\"url\":\"https:\/\/morvayautosiskola.hu\/\",\"name\":\"\",\"description\":\"&quot;Ha jogsi kell, mondd csak ki: AUT\\u00d3SISKOLA MORVAY!&quot;\",\"potentialAction\":[{\"@type\":\"SearchAction\",\"target\":\"https:\/\/morvayautosiskola.hu\/?s={search_term_string}\",\"query-input\":\"required name=search_term_string\"}],\"inLanguage\":\"hu\"},{\"@type\":\"ImageObject\",\"@id\":\"https:\/\/morvayautosiskola.hu\/?page_id=41#primaryimage\",\"inLanguage\":\"hu\",\"url\":\"https:\/\/morvayautosiskola.hu\/wp-content\/uploads\/2020\/11\/plak10-1.png\",\"width\":630,\"height\":528},{\"@type\":\"WebPage\",\"@id\":\"https:\/\/morvayautosiskola.hu\/?page_id=41#webpage\",\"url\":\"https:\/\/morvayautosiskola.hu\/?page_id=41\",\"name\":\"Tanfolyam -\",\"isPartOf\":{\"@id\":\"https:\/\/morvayautosiskola.hu\/#website\"},\"primaryImageOfPage\":{\"@id\":\"https:\/\/morvayautosiskola.hu\/?page_id=41#primaryimage\"},\"datePublished\":\"2014-02-18T15:41:59+00:00\",\"dateModified\":\"2020-11-16T22:01:47+00:00\",\"inLanguage\":\"hu\",\"potentialAction\":[{\"@type\":\"ReadAction\",\"target\":[\"https:\/\/morvayautosiskola.hu\/?page_id=41\"]}]}]}<\/script>\n<!-- \/ Yoast SEO plugin. -->","_links":{"self":[{"href":"https:\/\/morvayautosiskola.hu\/index.php?rest_route=\/wp\/v2\/pages\/41"}],"collection":[{"href":"https:\/\/morvayautosiskola.hu\/index.php?rest_route=\/wp\/v2\/pages"}],"about":[{"href":"https:\/\/morvayautosiskola.hu\/index.php?rest_route=\/wp\/v2\/types\/page"}],"author":[{"embeddable":true,"href":"https:\/\/morvayautosiskola.hu\/index.php?rest_route=\/wp\/v2\/users\/1"}],"replies":[{"embeddable":true,"href":"https:\/\/morvayautosiskola.hu\/index.php?rest_route=%2Fwp%2Fv2%2Fcomments&post=41"}],"version-history":[{"count":45,"href":"https:\/\/morvayautosiskola.hu\/index.php?rest_route=\/wp\/v2\/pages\/41\/revisions"}],"predecessor-version":[{"id":1519,"href":"https:\/\/morvayautosiskola.hu\/index.php?rest_route=\/wp\/v2\/pages\/41\/revisions\/1519"}],"wp:featuredmedia":[{"embeddable":true,"href":"https:\/\/morvayautosiskola.hu\/index.php?rest_route=\/wp\/v2\/media\/1518"}],"wp:attachment":[{"href":"https:\/\/morvayautosiskola.hu\/index.php?rest_route=%2Fwp%2Fv2%2Fmedia&parent=41"}],"curies":[{"name":"wp","href":"https:\/\/api.w.org\/{rel}","templated":true}]}}