{"id":39,"date":"2014-02-18T15:41:41","date_gmt":"2014-02-18T15:41:41","guid":{"rendered":"http:\/\/morvayautosiskola.hu\/?page_id=39"},"modified":"2020-11-16T22:27:49","modified_gmt":"2020-11-16T22:27:49","slug":"oktatoink","status":"publish","type":"page","link":"https:\/\/morvayautosiskola.hu\/?page_id=39","title":{"rendered":"Oktat\u00f3ink"},"content":{"rendered":"\n<p>&nbsp;<\/p>\n<p>&nbsp;<\/p>\n\n\n\n<div class=\"tmm tmm_morvay-zoltan\"><div class=\"tmm_3_columns tmm_wrap tmm_plugin_f\"><span class=\"tmm_two_containers_tablet\"><\/span><div class=\"tmm_container\"><div class=\"tmm_member\" style=\"border-top:#0daae2 solid 5px;\"><div class=\"tmm_photo tmm_pic_morvay-zoltan_0\" style=\"background: url(http:\/\/morvayautosiskola.hu\/wp-content\/uploads\/2020\/09\/Morvay-Zolt\u00e1n-1.jpg); margin-left: auto; margin-right:auto; background-size:cover !important;\"><\/div><div class=\"tmm_textblock\"><div class=\"tmm_names\"><span class=\"tmm_fname\">Morvay<\/span> <span class=\"tmm_lname\">Zolt\u00e1n<\/span><\/div><div class=\"tmm_job\">Mercedes Benz (diesel)<\/div><div class=\"tmm_desc\" style=\"text-align:\"><figure id=\"attachment_954\" aria-describedby=\"caption-attachment-954\" style=\"width: 1020px\" class=\"wp-caption aligncenter\"><a href=\"http:\/\/morvayautosiskola.hu\/wp-content\/uploads\/2020\/09\/Morvay-Zolt\u00e1n-2-Mercedes-Benz-diesel.jpg\"><img class=\"wp-image-954 size-large colorbox-1496\" src=\"http:\/\/morvayautosiskola.hu\/wp-content\/uploads\/2020\/09\/Morvay-Zolt\u00e1n-2-Mercedes-Benz-diesel-1024x498.jpg\" alt=\"\" width=\"1020\" height=\"496\"><\/a><figcaption id=\"caption-attachment-954\" class=\"wp-caption-text\">&nbsp;<\/figcaption><\/figure><p style=\"text-align: justify\">Morvay Zolt\u00e1n vagyok, az Aut\u00f3siskola alap\u00edt\u00f3 tagja, \u00e9s tulajdonosa m\u00e1r 2005 \u00f3ta.<\/p><p style=\"text-align: justify\">A legfontosabb, amir\u0151l tudnod kell, hogy: Fantasztikus dolog k\u00f6vetkezik az \u00e9letedben, amir\u0151l azt szoktam mondani a tanul\u00f3imnak, hogy a vil\u00e1g egyik legjobb dolga: a vezet\u00e9s. J\u00f3magam 3 \u00e9ves korom \u00f3ta az aut\u00f3 \u00e9s aut\u00f3versenyz\u00e9s szerelmese vagyok, \u00f3ri\u00e1si kikapcsol\u00f3d\u00e1st \u00e9s szabads\u00e1g\u00e9rzetet ny\u00fajt.<\/p><p style=\"text-align: justify\">14 \u00e9vesen m\u00e1r a kezemben tartottam els\u0151 jogos\u00edtv\u00e1nyomat, ami az\u00f3ta term\u00e9szetesen t\u00f6bb kateg\u00f3ri\u00e1val kib\u0151v\u00fclt \u00e9s mind a mai napig egyszer sem okoztam balesetet. Ez nem v\u00e9letlen. Nagyon fontos a vesz\u00e9lyhelyzetek id\u0151ben val\u00f3 felismer\u00e9se, \u00e9s az azokra val\u00f3 megfelel\u0151 reag\u00e1l\u00e1s, amivel rengeteg balesetet siker\u00fclt elh\u00e1r\u00edtanom. Ezt a tud\u00e1st, ezt a vezet\u00e9si mentalit\u00e1st adom \u00e1t tanul\u00f3imnak imm\u00e1r 11 \u00e9ve \u2013 sikerrel.<\/p><p style=\"text-align: justify\">\u00dagy gondolom, az oktat\u00f3i munk\u00e1ban csak az k\u00e9pes j\u00f3 eredm\u00e9nyeket, sikereket el\u00e9rni, aki nem munk\u00e1nak tekinti. Azon szerencs\u00e9s emberek k\u00f6z\u00e9 tartozom, akinek a foglalkoz\u00e1sa egyben a hobbija is. Nekem az oktat\u00e1s nem a napi 8 \u00f3r\u00e1s k\u00f6telez\u0151 m\u0171szakot jelenti. Szeretem csin\u00e1lni, szeretek az emberekkel foglalkozni, szeretem l\u00e1tni, ahogy napr\u00f3l napra egyre jobbak, felszabadultabbak, magabiztosabbak.<\/p><p style=\"text-align: justify\">M\u00f3dszerem sikeress\u00e9g\u00e9nek val\u00f3di m\u00e9rc\u00e9je, hogy tanul\u00f3im, volt tanul\u00f3im b\u00e1tran aj\u00e1nlanak engem rokonaiknak, bar\u00e1taiknak. Rengeteg visszajelz\u00e9st kaptam, hogy nem a hirdet\u00e9sek hat\u00e1s\u00e1ra v\u00e1lasztanak engem tanul\u00f3im, hanem mert mindenkit\u0151l azt hallott\u00e1k, hogy ide kell j\u00f6nni, itt kell vezetni, mert egyszer\u0171en itt a legjobb.<\/p><p style=\"text-align: justify\">Az oktat\u00e1s sor\u00e1n bar\u00e1ts\u00e1gos, k\u00f6nnyed l\u00e9gk\u00f6rt igyekszek megteremteni, \u00edgy k\u00f6z\u00f6s munk\u00e1nk eredm\u00e9nyek\u00e9nt a tanul\u00f3 v\u00e9g\u00fcl nem csak egy jogos\u00edtv\u00e1nnyal, hanem sok esetben egy bar\u00e1ttal is gazdagodik.<\/p><p>Azt k\u00e9rem tanul\u00f3imt\u00f3l, hogy kikapcsol\u00f3dni j\u00f6jjenek, \u00e9rezz\u00e9k j\u00f3l magukat, a jutalom nem marad el: a JOGOS\u00cdTV\u00c1NY!<\/p><p>Ha fesz\u00fclts\u00e9gmentes, nyugodt oktat\u00f3t szeretn\u00e9l, h\u00edvj b\u00e1tran!<\/p><p style=\"text-align: center\">Tel: 06-30-9987-994<\/p><\/div><div class=\"tmm_scblock\"><\/div><\/div><\/div><div class=\"tmm_member\" style=\"border-top:#0daae2 solid 5px;\"><div class=\"tmm_photo tmm_pic_morvay-zoltan_1\" style=\"background: url(http:\/\/morvayautosiskola.hu\/wp-content\/uploads\/2020\/09\/received_783536005799427.jpeg); margin-left: auto; margin-right:auto; background-size:cover !important;\"><\/div><div class=\"tmm_textblock\"><div class=\"tmm_names\"><span class=\"tmm_fname\">Morvayn\u00e9<\/span> <span class=\"tmm_lname\">Csala Edit<\/span><\/div><div class=\"tmm_job\">Toyota Yaris (benzin)<\/div><div class=\"tmm_desc\" style=\"text-align:\"><p><a href=\"http:\/\/morvayautosiskola.hu\/wp-content\/uploads\/2020\/09\/Morvayn\u00e9-Csala-Edit-2-Toyota-Yaris-benzin.jpg\"><img class=\"wp-image-957 size-large colorbox-1496\" src=\"http:\/\/morvayautosiskola.hu\/wp-content\/uploads\/2020\/09\/Morvayn\u00e9-Csala-Edit-2-Toyota-Yaris-benzin-1024x498.jpg\" alt=\"\" width=\"1020\" height=\"496\"><\/a><\/p><p>&nbsp;<\/p><p style=\"text-align: justify\">Az Aut\u00f3siskol\u00e1ban kezdetben csak \u00fcgyint\u00e9z\u0151k\u00e9nt tev\u00e9kenykedtem, de munk\u00e1m sor\u00e1n betekint\u00e9st nyertem a k\u00e9pz\u00e9s minden mozzanat\u00e1ba, az elm\u00e9leti tanfolyamt\u00f3l a forgalmi vizsg\u00e1ig. Nagyon megtetszett az oktat\u00e1s, ez\u00e9rt 2010 \u00f3ta magam is elm\u00e9leti \u00e9s gyakorlati oktat\u00f3k\u00e9nt veszek r\u00e9szt aut\u00f3siskol\u00e1nk munk\u00e1j\u00e1ban.<\/p><p style=\"text-align: justify\">Elmondhatom, hogy a legjobbakt\u00f3l tanultam mind az egyetemen, mind a gyakorlati ter\u00fcleten. Nagy tapasztalattal \u00e9s hozz\u00e1\u00e9rt\u00e9ssel rendelkez\u0151 oktat\u00f3kt\u00f3l (f\u00e9rjem \u00e9s munkat\u00e1rsai) tanultam el a legfontosabb szakmai fog\u00e1sokat.<\/p><p style=\"text-align: justify\">Az elm\u00e9leti \u00e9s a gyakorlati oktat\u00e1s k\u00e9t nagyon k\u00fcl\u00f6nb\u00f6z\u0151 vil\u00e1g, azonban \u00e9n mindkett\u0151ben otthonosan \u00e9rzem magam, \u00e9s c\u00e9lom, hogy tanul\u00f3im is \u00edgy \u00e9rezzenek. \u00c9rdekl\u0151dve \u00e9s izgatottan figyelem a KRESZ oktat\u00e1sa folyam\u00e1n, ahogy tanul\u00f3ink a seg\u00edts\u00e9gemmel r\u00e1\u00e9reznek az elm\u00e9let sz\u00e9ps\u00e9geire, \u00f6sszef\u00fcgg\u00e9seire, nyelvezet\u00e9re. Szem\u00e9lyes sikerk\u00e9nt, sz\u00edv\u00fcgyemk\u00e9nt \u00e9lem meg az \u00f6sszes sikeres elm\u00e9leti vizsg\u00e1t.<\/p><p style=\"text-align: justify\">Az aut\u00f3ban \u00fclve \u00f6r\u00f6mmel l\u00e1tom, ahogy az eleinte m\u00e9g f\u00e9l\u00e9nk \u00e9s bizonytalan \"mazsol\u00e1kb\u00f3l\" id\u0151vel, t\u00e1mogat\u00e1ssal \u00e9s kedvess\u00e9ggel val\u00f3di, magabiztos sof\u0151r\u00f6k v\u00e1lnak a kezeim alatt.<\/p><p style=\"text-align: justify\">C\u00e9lom, hogy tanul\u00f3imnak maradand\u00f3, kellemes eml\u00e9k legyen az az id\u0151szak, amikor vezetni tanultak.<\/p><p>Szeretettel v\u00e1rlak!<\/p><p style=\"text-align: center\">Tel: 06-30-597-7478<\/p><\/div><div class=\"tmm_scblock\"><\/div><\/div><\/div><div style=\"clear:both;\"><\/div><\/div><\/div><\/div>\n\n\n\n<hr>\n<p>&nbsp;<\/p>\n\n\n\n<div class=\"tmm tmm_1496\"><div class=\"tmm_5_columns tmm_wrap tmm_theme_f\"><span class=\"tmm_two_containers_tablet\"><\/span><div class=\"tmm_container\"><div class=\"tmm_member\" style=\"border-top:#0daae2 solid 5px;\"><div class=\"tmm_photo tmm_pic_1496_0\" style=\"background: url(http:\/\/morvayautosiskola.hu\/wp-content\/uploads\/2024\/01\/20240120_184739-scaled.jpg); margin-left: auto; margin-right:auto; background-size:cover !important;\"><\/div><div class=\"tmm_textblock\"><div class=\"tmm_names\"><span class=\"tmm_fname\">Morvay<\/span> <span class=\"tmm_lname\">Melinda<\/span><\/div><div class=\"tmm_job\">Audi A3 (diesel)<\/div><div class=\"tmm_desc\" style=\"text-align:\"><p><a href=\"http:\/\/morvayautosiskola.hu\/wp-content\/uploads\/2024\/01\/20240120_184739-1-scaled.jpg\"><img class=\"wp-image-1845 size-large alignnone colorbox-1496\" src=\"http:\/\/morvayautosiskola.hu\/wp-content\/uploads\/2024\/01\/20240120_184739-1-1024x757.jpg\" alt=\"\" width=\"1020\" height=\"754\"><\/a><\/p><\/div><div class=\"tmm_scblock\"><\/div><\/div><\/div><div class=\"tmm_member\" style=\"border-top:#0daae2 solid 5px;\"><div class=\"tmm_photo tmm_pic_1496_1\" style=\"background: url(http:\/\/morvayautosiskola.hu\/wp-content\/uploads\/2020\/09\/Morvay-Patrik-1.jpg); margin-left: auto; margin-right:auto; background-size:cover !important;\"><\/div><div class=\"tmm_textblock\"><div class=\"tmm_names\"><span class=\"tmm_fname\">Morvay<\/span> <span class=\"tmm_lname\">Patrik<\/span><\/div><div class=\"tmm_job\">Peugeot 208 (diesel)<\/div><div class=\"tmm_desc\" style=\"text-align:\"><p><a href=\"http:\/\/morvayautosiskola.hu\/wp-content\/uploads\/2020\/09\/Morvay-Patrik-3-Peugeot-208-diesel-e1605190858689.jpg\"><img class=\"size-full wp-image-992 colorbox-1496\" src=\"http:\/\/morvayautosiskola.hu\/wp-content\/uploads\/2020\/09\/Morvay-Patrik-3-Peugeot-208-diesel-e1605190858689.jpg\" alt=\"\" width=\"1600\" height=\"1200\"><\/a><\/p><\/div><div class=\"tmm_scblock\"><\/div><\/div><\/div><span class=\"tmm_two_containers_tablet\"><\/span><div class=\"tmm_member\" style=\"border-top:#0daae2 solid 5px;\"><div class=\"tmm_photo tmm_pic_1496_2\" style=\"background: url(http:\/\/morvayautosiskola.hu\/wp-content\/uploads\/2020\/09\/Utasi-D\u00e9nes-1.jpg); margin-left: auto; margin-right:auto; background-size:cover !important;\"><\/div><div class=\"tmm_textblock\"><div class=\"tmm_names\"><span class=\"tmm_fname\">Utasi<\/span> <span class=\"tmm_lname\">D\u00e9nes (Dini)<\/span><\/div><div class=\"tmm_job\">Audi A3 (diesel)<\/div><div class=\"tmm_desc\" style=\"text-align:\"><figure id=\"attachment_965\" aria-describedby=\"caption-attachment-965\" style=\"width: 1020px\" class=\"wp-caption aligncenter\"><a href=\"http:\/\/morvayautosiskola.hu\/wp-content\/uploads\/2020\/09\/Utasi-D\u00e9nes-2-Audi-A3-diesel.jpg\"><img class=\"wp-image-965 size-large colorbox-1496\" src=\"http:\/\/morvayautosiskola.hu\/wp-content\/uploads\/2020\/09\/Utasi-D\u00e9nes-2-Audi-A3-diesel-1024x498.jpg\" alt=\"\" width=\"1020\" height=\"496\"><\/a><figcaption id=\"caption-attachment-965\" class=\"wp-caption-text\">&nbsp;<\/figcaption><\/figure><\/div><div class=\"tmm_scblock\"><\/div><\/div><\/div><div class=\"tmm_member\" style=\"border-top:#0daae2 solid 5px;\"><div class=\"tmm_photo tmm_pic_1496_3\" style=\"background: url(http:\/\/morvayautosiskola.hu\/wp-content\/uploads\/2020\/09\/Fekete-G\u00e1bor-1.jpg); margin-left: auto; margin-right:auto; background-size:cover !important;\"><\/div><div class=\"tmm_textblock\"><div class=\"tmm_names\"><span class=\"tmm_fname\">Fekete<\/span> <span class=\"tmm_lname\">G\u00e1bor<\/span><\/div><div class=\"tmm_job\">Renault Clio (diesel)<\/div><div class=\"tmm_desc\" style=\"text-align:\"><p><a href=\"http:\/\/morvayautosiskola.hu\/wp-content\/uploads\/2020\/09\/Fekete-G\u00e1bor-2-Renault-Clio-diesel.jpg\"><img class=\"size-large wp-image-968 colorbox-1496\" src=\"http:\/\/morvayautosiskola.hu\/wp-content\/uploads\/2020\/09\/Fekete-G\u00e1bor-2-Renault-Clio-diesel-1024x498.jpg\" alt=\"\" width=\"1020\" height=\"496\"><\/a><\/p><\/div><div class=\"tmm_scblock\"><\/div><\/div><\/div><span class=\"tmm_two_containers_tablet\"><\/span><div class=\"tmm_member\" style=\"border-top:#0daae2 solid 5px;\"><div class=\"tmm_photo tmm_pic_1496_4\" style=\"background: url(http:\/\/morvayautosiskola.hu\/wp-content\/uploads\/2020\/09\/Kov\u00e1csn\u00e9-Hajd\u00fa-Irma-1.jpg); margin-left: auto; margin-right:auto; background-size:cover !important;\"><\/div><div class=\"tmm_textblock\"><div class=\"tmm_names\"><span class=\"tmm_fname\">Kov\u00e1csn\u00e9 Hajd\u00fa<\/span> <span class=\"tmm_lname\">Irma<\/span><\/div><div class=\"tmm_job\">Skoda Fabia (benzin)<\/div><div class=\"tmm_desc\" style=\"text-align:\"><p><a href=\"http:\/\/morvayautosiskola.hu\/wp-content\/uploads\/2020\/09\/Kov\u00e1csn\u00e9-Hajd\u00fa-Irma-2-Skoda-Fabia-diesel.jpg\"><img class=\"size-large wp-image-975 colorbox-1496\" src=\"http:\/\/morvayautosiskola.hu\/wp-content\/uploads\/2020\/09\/Kov\u00e1csn\u00e9-Hajd\u00fa-Irma-2-Skoda-Fabia-diesel-1024x498.jpg\" alt=\"\" width=\"1020\" height=\"496\"><\/a><\/p><\/div><div class=\"tmm_scblock\"><\/div><\/div><\/div><\/div><span class=\"tmm_columns_containers_desktop\"><\/span><div class=\"tmm_container\"><div class=\"tmm_member\" style=\"border-top:#0daae2 solid 5px;\"><div class=\"tmm_photo tmm_pic_1496_5\" style=\"background: url(http:\/\/morvayautosiskola.hu\/wp-content\/uploads\/2020\/09\/Maracska-K\u00e1rolyn\u00e9-Zsuzsa-1.jpg); margin-left: auto; margin-right:auto; background-size:cover !important;\"><\/div><div class=\"tmm_textblock\"><div class=\"tmm_names\"><span class=\"tmm_fname\">Maracska K\u00e1rolyn\u00e9<\/span> <span class=\"tmm_lname\">Zsuzsa<\/span><\/div><div class=\"tmm_job\">Toyota Yaris (benzin)<\/div><div class=\"tmm_desc\" style=\"text-align:\"><p><a href=\"http:\/\/morvayautosiskola.hu\/wp-content\/uploads\/2020\/09\/Maracska-K\u00e1rolyn\u00e9-Zsuzsa-2-Toyota-Yaris-benzin.jpg\"><img class=\"size-large wp-image-978 colorbox-1496\" src=\"http:\/\/morvayautosiskola.hu\/wp-content\/uploads\/2020\/09\/Maracska-K\u00e1rolyn\u00e9-Zsuzsa-2-Toyota-Yaris-benzin-1024x498.jpg\" alt=\"\" width=\"1020\" height=\"496\"><\/a><\/p><\/div><div class=\"tmm_scblock\"><\/div><\/div><\/div><span class=\"tmm_two_containers_tablet\"><\/span><div class=\"tmm_member\" style=\"border-top:#0daae2 solid 5px;\"><div class=\"tmm_photo tmm_pic_1496_6\" style=\"background: url(http:\/\/morvayautosiskola.hu\/wp-content\/uploads\/2020\/09\/Dud\u00e1s-L\u00e1szl\u00f3-1-Suzuki-Swift-diesel.jpg); margin-left: auto; margin-right:auto; background-size:cover !important;\"><\/div><div class=\"tmm_textblock\"><div class=\"tmm_names\"><span class=\"tmm_fname\">Dud\u00e1s<\/span> <span class=\"tmm_lname\">L\u00e1szl\u00f3<\/span><\/div><div class=\"tmm_job\">Suzuki Swift (diesel) \u00e9s Daihatsu (automata v\u00e1lt\u00f3s)<\/div><div class=\"tmm_desc\" style=\"text-align:\"><p><a href=\"http:\/\/morvayautosiskola.hu\/wp-content\/uploads\/2020\/09\/Dud\u00e1s-L\u00e1szl\u00f3-2-Daihatsu-automata-v\u00e1lt\u00f3s.jpg\"><img class=\"size-large wp-image-983 colorbox-1496\" src=\"http:\/\/morvayautosiskola.hu\/wp-content\/uploads\/2020\/09\/Dud\u00e1s-L\u00e1szl\u00f3-2-Daihatsu-automata-v\u00e1lt\u00f3s-1024x498.jpg\" alt=\"\" width=\"1020\" height=\"496\"><\/a><\/p><\/div><div class=\"tmm_scblock\"><\/div><\/div><\/div><div class=\"tmm_member\" style=\"border-top:#0daae2 solid 5px;\"><div class=\"tmm_photo tmm_pic_1496_7\" style=\"background: url(http:\/\/morvayautosiskola.hu\/wp-content\/uploads\/2020\/09\/Batizi-S\u00e1ndor-1.jpg); margin-left: auto; margin-right:auto; background-size:cover !important;\"><\/div><div class=\"tmm_textblock\"><div class=\"tmm_names\"><span class=\"tmm_fname\">Batizi<\/span> <span class=\"tmm_lname\">S\u00e1ndor<\/span><\/div><div class=\"tmm_job\">Renault Clio (diesel)<\/div><div class=\"tmm_desc\" style=\"text-align:\"><p><a href=\"http:\/\/morvayautosiskola.hu\/wp-content\/uploads\/2020\/09\/Batizi-S\u00e1ndor-2-Renault-Clio-diesel.jpg\"><img class=\"size-large wp-image-986 colorbox-1496\" src=\"http:\/\/morvayautosiskola.hu\/wp-content\/uploads\/2020\/09\/Batizi-S\u00e1ndor-2-Renault-Clio-diesel-1024x498.jpg\" alt=\"\" width=\"1020\" height=\"496\"><\/a><\/p><\/div><div class=\"tmm_scblock\"><\/div><\/div><\/div><span class=\"tmm_two_containers_tablet\"><\/span><div class=\"tmm_member\" style=\"border-top:#0daae2 solid 5px;\"><div class=\"tmm_photo tmm_pic_1496_8\" style=\"background: url(http:\/\/morvayautosiskola.hu\/wp-content\/uploads\/2020\/11\/Boldizsar-Laszlo-Toyota-Yaris-benzin-1.jpg); margin-left: auto; margin-right:auto; background-size:cover !important;\"><\/div><div class=\"tmm_textblock\"><div class=\"tmm_names\"><span class=\"tmm_fname\">Boldizs\u00e1r<\/span> <span class=\"tmm_lname\">L\u00e1szl\u00f3<\/span><\/div><div class=\"tmm_job\">Toyota Yaris (benzin)<\/div><div class=\"tmm_scblock\"><\/div><\/div><\/div><div style=\"clear:both;\"><\/div><\/div><\/div><\/div>\n","protected":false},"excerpt":{"rendered":"<p>&nbsp; &nbsp; &nbsp;<\/p>\n","protected":false},"author":1,"featured_media":1531,"parent":0,"menu_order":0,"comment_status":"open","ping_status":"open","template":"","meta":{"_uag_custom_page_level_css":"","_monsterinsights_skip_tracking":false,"_monsterinsights_sitenote_active":false,"_monsterinsights_sitenote_note":"","_monsterinsights_sitenote_category":0},"uagb_featured_image_src":{"full":["https:\/\/morvayautosiskola.hu\/wp-content\/uploads\/2020\/11\/plak19.png",630,528,false],"thumbnail":["https:\/\/morvayautosiskola.hu\/wp-content\/uploads\/2020\/11\/plak19-150x150.png",150,150,true],"medium":["https:\/\/morvayautosiskola.hu\/wp-content\/uploads\/2020\/11\/plak19-300x300.png",300,300,true],"medium_large":["https:\/\/morvayautosiskola.hu\/wp-content\/uploads\/2020\/11\/plak19.png",630,528,false],"large":["https:\/\/morvayautosiskola.hu\/wp-content\/uploads\/2020\/11\/plak19.png",630,528,false],"1536x1536":["https:\/\/morvayautosiskola.hu\/wp-content\/uploads\/2020\/11\/plak19.png",630,528,false],"2048x2048":["https:\/\/morvayautosiskola.hu\/wp-content\/uploads\/2020\/11\/plak19.png",630,528,false],"blossom-feminine-slider":["https:\/\/morvayautosiskola.hu\/wp-content\/uploads\/2020\/11\/plak19.png",630,528,false],"blossom-feminine-featured":["https:\/\/morvayautosiskola.hu\/wp-content\/uploads\/2020\/11\/plak19.png",630,528,false],"blossom-feminine-with-sidebar":["https:\/\/morvayautosiskola.hu\/wp-content\/uploads\/2020\/11\/plak19.png",630,528,false],"blossom-feminine-blog":["https:\/\/morvayautosiskola.hu\/wp-content\/uploads\/2020\/11\/plak19-435x435.png",435,435,true],"blossom-feminine-cat":["https:\/\/morvayautosiskola.hu\/wp-content\/uploads\/2020\/11\/plak19-450x300.png",450,300,true],"blossom-feminine-related":["https:\/\/morvayautosiskola.hu\/wp-content\/uploads\/2020\/11\/plak19-320x200.png",320,200,true],"blossom-feminine-schema":["https:\/\/morvayautosiskola.hu\/wp-content\/uploads\/2020\/11\/plak19-72x60.png",72,60,true]},"uagb_author_info":{"display_name":"admin","author_link":"https:\/\/morvayautosiskola.hu\/?author=1"},"uagb_comment_info":0,"uagb_excerpt":"&nbsp; &nbsp; &nbsp;","yoast_head":"<!-- This site is optimized with the Yoast SEO plugin v15.2.1 - https:\/\/yoast.com\/wordpress\/plugins\/seo\/ -->\n<title>Oktat\u00f3ink -<\/title>\n<meta name=\"robots\" content=\"index, follow, max-snippet:-1, max-image-preview:large, max-video-preview:-1\" \/>\n<link rel=\"canonical\" href=\"https:\/\/morvayautosiskola.hu\/?page_id=39\" \/>\n<meta property=\"og:locale\" content=\"hu_HU\" \/>\n<meta property=\"og:type\" content=\"article\" \/>\n<meta property=\"og:title\" content=\"Oktat\u00f3ink -\" \/>\n<meta property=\"og:description\" content=\"&nbsp; &nbsp; &nbsp;\" \/>\n<meta property=\"og:url\" content=\"https:\/\/morvayautosiskola.hu\/?page_id=39\" \/>\n<meta property=\"article:modified_time\" content=\"2020-11-16T22:27:49+00:00\" \/>\n<meta property=\"og:image\" content=\"https:\/\/morvayautosiskola.hu\/wp-content\/uploads\/2020\/11\/plak19.png\" \/>\n\t<meta property=\"og:image:width\" content=\"630\" \/>\n\t<meta property=\"og:image:height\" content=\"528\" \/>\n<meta name=\"twitter:card\" content=\"summary_large_image\" \/>\n<meta name=\"twitter:label1\" content=\"Szerz\u0151:\">\n\t<meta name=\"twitter:data1\" content=\"admin\">\n\t<meta name=\"twitter:label2\" content=\"Becs\u00fclt olvas\u00e1si id\u0151\">\n\t<meta name=\"twitter:data2\" content=\"0 perc\">\n<script type=\"application\/ld+json\" class=\"yoast-schema-graph\">{\"@context\":\"https:\/\/schema.org\",\"@graph\":[{\"@type\":\"WebSite\",\"@id\":\"https:\/\/morvayautosiskola.hu\/#website\",\"url\":\"https:\/\/morvayautosiskola.hu\/\",\"name\":\"\",\"description\":\"&quot;Ha jogsi kell, mondd csak ki: AUT\\u00d3SISKOLA MORVAY!&quot;\",\"potentialAction\":[{\"@type\":\"SearchAction\",\"target\":\"https:\/\/morvayautosiskola.hu\/?s={search_term_string}\",\"query-input\":\"required name=search_term_string\"}],\"inLanguage\":\"hu\"},{\"@type\":\"ImageObject\",\"@id\":\"https:\/\/morvayautosiskola.hu\/?page_id=39#primaryimage\",\"inLanguage\":\"hu\",\"url\":\"https:\/\/morvayautosiskola.hu\/wp-content\/uploads\/2020\/11\/plak19.png\",\"width\":630,\"height\":528},{\"@type\":\"WebPage\",\"@id\":\"https:\/\/morvayautosiskola.hu\/?page_id=39#webpage\",\"url\":\"https:\/\/morvayautosiskola.hu\/?page_id=39\",\"name\":\"Oktat\\u00f3ink -\",\"isPartOf\":{\"@id\":\"https:\/\/morvayautosiskola.hu\/#website\"},\"primaryImageOfPage\":{\"@id\":\"https:\/\/morvayautosiskola.hu\/?page_id=39#primaryimage\"},\"datePublished\":\"2014-02-18T15:41:41+00:00\",\"dateModified\":\"2020-11-16T22:27:49+00:00\",\"inLanguage\":\"hu\",\"potentialAction\":[{\"@type\":\"ReadAction\",\"target\":[\"https:\/\/morvayautosiskola.hu\/?page_id=39\"]}]}]}<\/script>\n<!-- \/ Yoast SEO plugin. -->","_links":{"self":[{"href":"https:\/\/morvayautosiskola.hu\/index.php?rest_route=\/wp\/v2\/pages\/39"}],"collection":[{"href":"https:\/\/morvayautosiskola.hu\/index.php?rest_route=\/wp\/v2\/pages"}],"about":[{"href":"https:\/\/morvayautosiskola.hu\/index.php?rest_route=\/wp\/v2\/types\/page"}],"author":[{"embeddable":true,"href":"https:\/\/morvayautosiskola.hu\/index.php?rest_route=\/wp\/v2\/users\/1"}],"replies":[{"embeddable":true,"href":"https:\/\/morvayautosiskola.hu\/index.php?rest_route=%2Fwp%2Fv2%2Fcomments&post=39"}],"version-history":[{"count":126,"href":"https:\/\/morvayautosiskola.hu\/index.php?rest_route=\/wp\/v2\/pages\/39\/revisions"}],"predecessor-version":[{"id":1532,"href":"https:\/\/morvayautosiskola.hu\/index.php?rest_route=\/wp\/v2\/pages\/39\/revisions\/1532"}],"wp:featuredmedia":[{"embeddable":true,"href":"https:\/\/morvayautosiskola.hu\/index.php?rest_route=\/wp\/v2\/media\/1531"}],"wp:attachment":[{"href":"https:\/\/morvayautosiskola.hu\/index.php?rest_route=%2Fwp%2Fv2%2Fmedia&parent=39"}],"curies":[{"name":"wp","href":"https:\/\/api.w.org\/{rel}","templated":true}]}}