{"id":1796,"date":"2023-11-15T16:40:47","date_gmt":"2023-11-15T16:40:47","guid":{"rendered":"https:\/\/morvayautosiskola.hu\/?page_id=1796"},"modified":"2024-10-30T13:49:53","modified_gmt":"2024-10-30T13:49:53","slug":"letoltheto-reszletes-tajekoztatok","status":"publish","type":"page","link":"https:\/\/morvayautosiskola.hu\/?page_id=1796","title":{"rendered":"Let\u00f6lthet\u0151 r\u00e9szletes t\u00e1j\u00e9koztat\u00f3k"},"content":{"rendered":"\n\n\n<p><a href=\"https:\/\/morvayautosiskola.hu\/wp-content\/uploads\/2023\/11\/A1-ervenyes-B-vel-tajekoztato.doc\" target=\"_blank\" rel=\"noopener\">A1 \u00e9rv\u00e9nyes B-vel t\u00e1j\u00e9koztat\u00f3<\/a><\/p>\n<p><a href=\"https:\/\/morvayautosiskola.hu\/wp-content\/uploads\/2023\/11\/A-korlatlan_tajekoztato.doc\" target=\"_blank\" rel=\"noopener\">A (korl\u00e1tlan)_t\u00e1j\u00e9koztat\u00f3<\/a><\/p>\n<p><a href=\"https:\/\/morvayautosiskola.hu\/wp-content\/uploads\/2023\/11\/A1_tajekoztato.doc\">A1_t\u00e1j\u00e9koztat\u00f3<\/a><\/p>\n<p><a href=\"https:\/\/morvayautosiskola.hu\/wp-content\/uploads\/2023\/11\/A2-tajekoztato.doc\">A2 t\u00e1j\u00e9koztat\u00f3<\/a><\/p>\n<p><a href=\"https:\/\/morvayautosiskola.hu\/wp-content\/uploads\/2023\/11\/AM-tajekoztato.doc\">AM t\u00e1j\u00e9koztat\u00f3<\/a><\/p>\n<p><a href=\"https:\/\/morvayautosiskola.hu\/wp-content\/uploads\/2023\/11\/B-Tajekoztato-tantermi.doc\">B T\u00e1j\u00e9koztat\u00f3 ( tantermi)<\/a><\/p>\n<p><a href=\"https:\/\/morvayautosiskola.hu\/wp-content\/uploads\/2023\/11\/B-Tajekoztato-netes.docx\">B T\u00e1j\u00e9koztat\u00f3 (netes)<\/a><\/p>\n<p><a href=\"https:\/\/morvayautosiskola.hu\/wp-content\/uploads\/2023\/11\/C-E-_tajekoztato-Cegled.doc\">C+ E _taj\u00e9koztat\u00f3 ( Cegl\u00e9d)<\/a><\/p>\n<p><a href=\"https:\/\/morvayautosiskola.hu\/wp-content\/uploads\/2023\/11\/C+CE-tajekoztato.doc\">C+ CE egy\u00fctt t\u00e1j\u00e9koztat\u00f3<\/a><\/p>\n<p><a href=\"https:\/\/morvayautosiskola.hu\/wp-content\/uploads\/2023\/11\/D_tajekoztato-Cegled.doc\">D_taj\u00e9koztat\u00f3 (Cegl\u00e9d)<\/a><\/p>\n<p><a href=\"https:\/\/morvayautosiskola.hu\/wp-content\/uploads\/2023\/11\/C_tajekoztato-Cegled.doc\">C_taj\u00e9koztat\u00f3 ( Cegl\u00e9d)<\/a><\/p>\n<p><a href=\"https:\/\/morvayautosiskola.hu\/wp-content\/uploads\/2023\/11\/D_tajekoztato-C-nelkulCegled.doc\">D_taj\u00e9koztat\u00f3 C n\u00e9lk\u00fcl(Cegl\u00e9d)<\/a><\/p>\n","protected":false},"excerpt":{"rendered":"<p>A1 \u00e9rv\u00e9nyes B-vel t\u00e1j\u00e9koztat\u00f3 A (korl\u00e1tlan)_t\u00e1j\u00e9koztat\u00f3 A1_t\u00e1j\u00e9koztat\u00f3 A2 t\u00e1j\u00e9koztat\u00f3 AM t\u00e1j\u00e9koztat\u00f3 B T\u00e1j\u00e9koztat\u00f3 ( tantermi) B T\u00e1j\u00e9koztat\u00f3 (netes) C+ E _taj\u00e9koztat\u00f3 ( Cegl\u00e9d) C+ CE egy\u00fctt t\u00e1j\u00e9koztat\u00f3 D_taj\u00e9koztat\u00f3 (Cegl\u00e9d) C_taj\u00e9koztat\u00f3 ( Cegl\u00e9d) D_taj\u00e9koztat\u00f3 C n\u00e9lk\u00fcl(Cegl\u00e9d)<\/p>\n","protected":false},"author":2,"featured_media":0,"parent":0,"menu_order":0,"comment_status":"closed","ping_status":"closed","template":"","meta":{"_uag_custom_page_level_css":"","_monsterinsights_skip_tracking":false,"_monsterinsights_sitenote_active":false,"_monsterinsights_sitenote_note":"","_monsterinsights_sitenote_category":0},"uagb_featured_image_src":{"full":false,"thumbnail":false,"medium":false,"medium_large":false,"large":false,"1536x1536":false,"2048x2048":false,"blossom-feminine-slider":false,"blossom-feminine-featured":false,"blossom-feminine-with-sidebar":false,"blossom-feminine-blog":false,"blossom-feminine-cat":false,"blossom-feminine-related":false,"blossom-feminine-schema":false},"uagb_author_info":{"display_name":"corevix","author_link":"https:\/\/morvayautosiskola.hu\/?author=2"},"uagb_comment_info":0,"uagb_excerpt":"A1 \u00e9rv\u00e9nyes B-vel t\u00e1j\u00e9koztat\u00f3 A (korl\u00e1tlan)_t\u00e1j\u00e9koztat\u00f3 A1_t\u00e1j\u00e9koztat\u00f3 A2 t\u00e1j\u00e9koztat\u00f3 AM t\u00e1j\u00e9koztat\u00f3 B T\u00e1j\u00e9koztat\u00f3 ( tantermi) B T\u00e1j\u00e9koztat\u00f3 (netes) C+ E _taj\u00e9koztat\u00f3 ( Cegl\u00e9d) C+ CE egy\u00fctt t\u00e1j\u00e9koztat\u00f3 D_taj\u00e9koztat\u00f3 (Cegl\u00e9d) C_taj\u00e9koztat\u00f3 ( Cegl\u00e9d) D_taj\u00e9koztat\u00f3 C n\u00e9lk\u00fcl(Cegl\u00e9d)","yoast_head":"<!-- This site is optimized with the Yoast SEO plugin v15.2.1 - https:\/\/yoast.com\/wordpress\/plugins\/seo\/ -->\n<title>Let\u00f6lthet\u0151 r\u00e9szletes t\u00e1j\u00e9koztat\u00f3k -<\/title>\n<meta name=\"robots\" content=\"index, follow, max-snippet:-1, max-image-preview:large, max-video-preview:-1\" \/>\n<link rel=\"canonical\" href=\"https:\/\/morvayautosiskola.hu\/?page_id=1796\" \/>\n<meta property=\"og:locale\" content=\"hu_HU\" \/>\n<meta property=\"og:type\" content=\"article\" \/>\n<meta property=\"og:title\" content=\"Let\u00f6lthet\u0151 r\u00e9szletes t\u00e1j\u00e9koztat\u00f3k -\" \/>\n<meta property=\"og:description\" content=\"A1 \u00e9rv\u00e9nyes B-vel t\u00e1j\u00e9koztat\u00f3 A (korl\u00e1tlan)_t\u00e1j\u00e9koztat\u00f3 A1_t\u00e1j\u00e9koztat\u00f3 A2 t\u00e1j\u00e9koztat\u00f3 AM t\u00e1j\u00e9koztat\u00f3 B T\u00e1j\u00e9koztat\u00f3 ( tantermi) B T\u00e1j\u00e9koztat\u00f3 (netes) C+ E _taj\u00e9koztat\u00f3 ( Cegl\u00e9d) C+ CE egy\u00fctt t\u00e1j\u00e9koztat\u00f3 D_taj\u00e9koztat\u00f3 (Cegl\u00e9d) C_taj\u00e9koztat\u00f3 ( Cegl\u00e9d) D_taj\u00e9koztat\u00f3 C n\u00e9lk\u00fcl(Cegl\u00e9d)\" \/>\n<meta property=\"og:url\" content=\"https:\/\/morvayautosiskola.hu\/?page_id=1796\" \/>\n<meta property=\"article:modified_time\" content=\"2024-10-30T13:49:53+00:00\" \/>\n<meta name=\"twitter:card\" content=\"summary_large_image\" \/>\n<meta name=\"twitter:label1\" content=\"Szerz\u0151:\">\n\t<meta name=\"twitter:data1\" content=\"corevix\">\n\t<meta name=\"twitter:label2\" content=\"Becs\u00fclt olvas\u00e1si id\u0151\">\n\t<meta name=\"twitter:data2\" content=\"0 perc\">\n<script type=\"application\/ld+json\" class=\"yoast-schema-graph\">{\"@context\":\"https:\/\/schema.org\",\"@graph\":[{\"@type\":\"WebSite\",\"@id\":\"https:\/\/morvayautosiskola.hu\/#website\",\"url\":\"https:\/\/morvayautosiskola.hu\/\",\"name\":\"\",\"description\":\"&quot;Ha jogsi kell, mondd csak ki: AUT\\u00d3SISKOLA MORVAY!&quot;\",\"potentialAction\":[{\"@type\":\"SearchAction\",\"target\":\"https:\/\/morvayautosiskola.hu\/?s={search_term_string}\",\"query-input\":\"required name=search_term_string\"}],\"inLanguage\":\"hu\"},{\"@type\":\"WebPage\",\"@id\":\"https:\/\/morvayautosiskola.hu\/?page_id=1796#webpage\",\"url\":\"https:\/\/morvayautosiskola.hu\/?page_id=1796\",\"name\":\"Let\\u00f6lthet\\u0151 r\\u00e9szletes t\\u00e1j\\u00e9koztat\\u00f3k -\",\"isPartOf\":{\"@id\":\"https:\/\/morvayautosiskola.hu\/#website\"},\"datePublished\":\"2023-11-15T16:40:47+00:00\",\"dateModified\":\"2024-10-30T13:49:53+00:00\",\"inLanguage\":\"hu\",\"potentialAction\":[{\"@type\":\"ReadAction\",\"target\":[\"https:\/\/morvayautosiskola.hu\/?page_id=1796\"]}]}]}<\/script>\n<!-- \/ Yoast SEO plugin. -->","_links":{"self":[{"href":"https:\/\/morvayautosiskola.hu\/index.php?rest_route=\/wp\/v2\/pages\/1796"}],"collection":[{"href":"https:\/\/morvayautosiskola.hu\/index.php?rest_route=\/wp\/v2\/pages"}],"about":[{"href":"https:\/\/morvayautosiskola.hu\/index.php?rest_route=\/wp\/v2\/types\/page"}],"author":[{"embeddable":true,"href":"https:\/\/morvayautosiskola.hu\/index.php?rest_route=\/wp\/v2\/users\/2"}],"replies":[{"embeddable":true,"href":"https:\/\/morvayautosiskola.hu\/index.php?rest_route=%2Fwp%2Fv2%2Fcomments&post=1796"}],"version-history":[{"count":7,"href":"https:\/\/morvayautosiskola.hu\/index.php?rest_route=\/wp\/v2\/pages\/1796\/revisions"}],"predecessor-version":[{"id":1864,"href":"https:\/\/morvayautosiskola.hu\/index.php?rest_route=\/wp\/v2\/pages\/1796\/revisions\/1864"}],"wp:attachment":[{"href":"https:\/\/morvayautosiskola.hu\/index.php?rest_route=%2Fwp%2Fv2%2Fmedia&parent=1796"}],"curies":[{"name":"wp","href":"https:\/\/api.w.org\/{rel}","templated":true}]}}