{"id":1325,"date":"2020-11-12T18:37:57","date_gmt":"2020-11-12T18:37:57","guid":{"rendered":"http:\/\/morvayautosiskola.hu\/?page_id=1325"},"modified":"2020-11-16T21:57:55","modified_gmt":"2020-11-16T21:57:55","slug":"gyorsitott-gyakorlati-oktatas","status":"publish","type":"page","link":"https:\/\/morvayautosiskola.hu\/?page_id=1325","title":{"rendered":"Gyors\u00edtott gyakorlati oktat\u00e1s"},"content":{"rendered":"\n<p>K\u00fcl\u00f6nlegess\u00e9g Iskol\u00e1nkn\u00e1l, hogy lehet\u0151v\u00e9 tett\u00fck sz\u00e1motokra egy gyors\u00edtott gyakorlati oktat\u00e1s el\u00e9r\u00e9s\u00e9t emelt \u00f3rad\u00edj ellen\u00e9ben, mellyel sokkal hamarabb kezetekben lehet a jogos\u00edtv\u00e1nyotok!<\/p>\n<p>Ez azt jelenti, hogy a vezet\u00e9si oktat\u00e1s sor\u00e1n, a norm\u00e1l heti \u00f3rasz\u00e1m k\u00e9tszeres\u00e9t biztos\u00edtjuk sz\u00e1modra!<\/p>\n<p>R\u00e9szletekr\u0151l \u00e9rdekl\u0151dj szem\u00e9lyesen vagy telefonon.<\/p>\n<p>\u00a0<\/p>\n","protected":false},"excerpt":{"rendered":"<p>K\u00fcl\u00f6nlegess\u00e9g Iskol\u00e1nkn\u00e1l, hogy lehet\u0151v\u00e9 tett\u00fck sz\u00e1motokra egy gyors\u00edtott gyakorlati oktat\u00e1s el\u00e9r\u00e9s\u00e9t emelt \u00f3rad\u00edj ellen\u00e9ben, mellyel sokkal hamarabb kezetekben lehet a jogos\u00edtv\u00e1nyotok! Ez azt jelenti, hogy a vezet\u00e9si oktat\u00e1s sor\u00e1n, a norm\u00e1l heti \u00f3rasz\u00e1m k\u00e9tszeres\u00e9t biztos\u00edtjuk sz\u00e1modra! R\u00e9szletekr\u0151l \u00e9rdekl\u0151dj szem\u00e9lyesen vagy telefonon. \u00a0<\/p>\n","protected":false},"author":2,"featured_media":1516,"parent":0,"menu_order":0,"comment_status":"closed","ping_status":"closed","template":"","meta":{"_uag_custom_page_level_css":"","_monsterinsights_skip_tracking":false,"_monsterinsights_sitenote_active":false,"_monsterinsights_sitenote_note":"","_monsterinsights_sitenote_category":0},"uagb_featured_image_src":{"full":["https:\/\/morvayautosiskola.hu\/wp-content\/uploads\/2020\/11\/plak13-1.png",630,528,false],"thumbnail":["https:\/\/morvayautosiskola.hu\/wp-content\/uploads\/2020\/11\/plak13-1-150x150.png",150,150,true],"medium":["https:\/\/morvayautosiskola.hu\/wp-content\/uploads\/2020\/11\/plak13-1-300x300.png",300,300,true],"medium_large":["https:\/\/morvayautosiskola.hu\/wp-content\/uploads\/2020\/11\/plak13-1.png",630,528,false],"large":["https:\/\/morvayautosiskola.hu\/wp-content\/uploads\/2020\/11\/plak13-1.png",630,528,false],"1536x1536":["https:\/\/morvayautosiskola.hu\/wp-content\/uploads\/2020\/11\/plak13-1.png",630,528,false],"2048x2048":["https:\/\/morvayautosiskola.hu\/wp-content\/uploads\/2020\/11\/plak13-1.png",630,528,false],"blossom-feminine-slider":["https:\/\/morvayautosiskola.hu\/wp-content\/uploads\/2020\/11\/plak13-1.png",630,528,false],"blossom-feminine-featured":["https:\/\/morvayautosiskola.hu\/wp-content\/uploads\/2020\/11\/plak13-1.png",630,528,false],"blossom-feminine-with-sidebar":["https:\/\/morvayautosiskola.hu\/wp-content\/uploads\/2020\/11\/plak13-1.png",630,528,false],"blossom-feminine-blog":["https:\/\/morvayautosiskola.hu\/wp-content\/uploads\/2020\/11\/plak13-1-435x435.png",435,435,true],"blossom-feminine-cat":["https:\/\/morvayautosiskola.hu\/wp-content\/uploads\/2020\/11\/plak13-1-450x300.png",450,300,true],"blossom-feminine-related":["https:\/\/morvayautosiskola.hu\/wp-content\/uploads\/2020\/11\/plak13-1-320x200.png",320,200,true],"blossom-feminine-schema":["https:\/\/morvayautosiskola.hu\/wp-content\/uploads\/2020\/11\/plak13-1-72x60.png",72,60,true]},"uagb_author_info":{"display_name":"corevix","author_link":"https:\/\/morvayautosiskola.hu\/?author=2"},"uagb_comment_info":0,"uagb_excerpt":"K\u00fcl\u00f6nlegess\u00e9g Iskol\u00e1nkn\u00e1l, hogy lehet\u0151v\u00e9 tett\u00fck sz\u00e1motokra egy gyors\u00edtott gyakorlati oktat\u00e1s el\u00e9r\u00e9s\u00e9t emelt \u00f3rad\u00edj ellen\u00e9ben, mellyel sokkal hamarabb kezetekben lehet a jogos\u00edtv\u00e1nyotok! Ez azt jelenti, hogy a vezet\u00e9si oktat\u00e1s sor\u00e1n, a norm\u00e1l heti \u00f3rasz\u00e1m k\u00e9tszeres\u00e9t biztos\u00edtjuk sz\u00e1modra! R\u00e9szletekr\u0151l \u00e9rdekl\u0151dj szem\u00e9lyesen vagy telefonon. \u00a0","yoast_head":"<!-- This site is optimized with the Yoast SEO plugin v15.2.1 - https:\/\/yoast.com\/wordpress\/plugins\/seo\/ -->\n<title>Gyors\u00edtott gyakorlati oktat\u00e1s -<\/title>\n<meta name=\"robots\" content=\"index, follow, max-snippet:-1, max-image-preview:large, max-video-preview:-1\" \/>\n<link rel=\"canonical\" href=\"https:\/\/morvayautosiskola.hu\/?page_id=1325\" \/>\n<meta property=\"og:locale\" content=\"hu_HU\" \/>\n<meta property=\"og:type\" content=\"article\" \/>\n<meta property=\"og:title\" content=\"Gyors\u00edtott gyakorlati oktat\u00e1s -\" \/>\n<meta property=\"og:description\" content=\"K\u00fcl\u00f6nlegess\u00e9g Iskol\u00e1nkn\u00e1l, hogy lehet\u0151v\u00e9 tett\u00fck sz\u00e1motokra egy gyors\u00edtott gyakorlati oktat\u00e1s el\u00e9r\u00e9s\u00e9t emelt \u00f3rad\u00edj ellen\u00e9ben, mellyel sokkal hamarabb kezetekben lehet a jogos\u00edtv\u00e1nyotok! Ez azt jelenti, hogy a vezet\u00e9si oktat\u00e1s sor\u00e1n, a norm\u00e1l heti \u00f3rasz\u00e1m k\u00e9tszeres\u00e9t biztos\u00edtjuk sz\u00e1modra! R\u00e9szletekr\u0151l \u00e9rdekl\u0151dj szem\u00e9lyesen vagy telefonon. \u00a0\" \/>\n<meta property=\"og:url\" content=\"https:\/\/morvayautosiskola.hu\/?page_id=1325\" \/>\n<meta property=\"article:modified_time\" content=\"2020-11-16T21:57:55+00:00\" \/>\n<meta property=\"og:image\" content=\"https:\/\/morvayautosiskola.hu\/wp-content\/uploads\/2020\/11\/plak13-1.png\" \/>\n\t<meta property=\"og:image:width\" content=\"630\" \/>\n\t<meta property=\"og:image:height\" content=\"528\" \/>\n<meta name=\"twitter:card\" content=\"summary_large_image\" \/>\n<meta name=\"twitter:label1\" content=\"Szerz\u0151:\">\n\t<meta name=\"twitter:data1\" content=\"corevix\">\n\t<meta name=\"twitter:label2\" content=\"Becs\u00fclt olvas\u00e1si id\u0151\">\n\t<meta name=\"twitter:data2\" content=\"0 perc\">\n<script type=\"application\/ld+json\" class=\"yoast-schema-graph\">{\"@context\":\"https:\/\/schema.org\",\"@graph\":[{\"@type\":\"WebSite\",\"@id\":\"https:\/\/morvayautosiskola.hu\/#website\",\"url\":\"https:\/\/morvayautosiskola.hu\/\",\"name\":\"\",\"description\":\"&quot;Ha jogsi kell, mondd csak ki: AUT\\u00d3SISKOLA MORVAY!&quot;\",\"potentialAction\":[{\"@type\":\"SearchAction\",\"target\":\"https:\/\/morvayautosiskola.hu\/?s={search_term_string}\",\"query-input\":\"required name=search_term_string\"}],\"inLanguage\":\"hu\"},{\"@type\":\"ImageObject\",\"@id\":\"https:\/\/morvayautosiskola.hu\/?page_id=1325#primaryimage\",\"inLanguage\":\"hu\",\"url\":\"https:\/\/morvayautosiskola.hu\/wp-content\/uploads\/2020\/11\/plak13-1.png\",\"width\":630,\"height\":528},{\"@type\":\"WebPage\",\"@id\":\"https:\/\/morvayautosiskola.hu\/?page_id=1325#webpage\",\"url\":\"https:\/\/morvayautosiskola.hu\/?page_id=1325\",\"name\":\"Gyors\\u00edtott gyakorlati oktat\\u00e1s -\",\"isPartOf\":{\"@id\":\"https:\/\/morvayautosiskola.hu\/#website\"},\"primaryImageOfPage\":{\"@id\":\"https:\/\/morvayautosiskola.hu\/?page_id=1325#primaryimage\"},\"datePublished\":\"2020-11-12T18:37:57+00:00\",\"dateModified\":\"2020-11-16T21:57:55+00:00\",\"inLanguage\":\"hu\",\"potentialAction\":[{\"@type\":\"ReadAction\",\"target\":[\"https:\/\/morvayautosiskola.hu\/?page_id=1325\"]}]}]}<\/script>\n<!-- \/ Yoast SEO plugin. -->","_links":{"self":[{"href":"https:\/\/morvayautosiskola.hu\/index.php?rest_route=\/wp\/v2\/pages\/1325"}],"collection":[{"href":"https:\/\/morvayautosiskola.hu\/index.php?rest_route=\/wp\/v2\/pages"}],"about":[{"href":"https:\/\/morvayautosiskola.hu\/index.php?rest_route=\/wp\/v2\/types\/page"}],"author":[{"embeddable":true,"href":"https:\/\/morvayautosiskola.hu\/index.php?rest_route=\/wp\/v2\/users\/2"}],"replies":[{"embeddable":true,"href":"https:\/\/morvayautosiskola.hu\/index.php?rest_route=%2Fwp%2Fv2%2Fcomments&post=1325"}],"version-history":[{"count":1,"href":"https:\/\/morvayautosiskola.hu\/index.php?rest_route=\/wp\/v2\/pages\/1325\/revisions"}],"predecessor-version":[{"id":1326,"href":"https:\/\/morvayautosiskola.hu\/index.php?rest_route=\/wp\/v2\/pages\/1325\/revisions\/1326"}],"wp:featuredmedia":[{"embeddable":true,"href":"https:\/\/morvayautosiskola.hu\/index.php?rest_route=\/wp\/v2\/media\/1516"}],"wp:attachment":[{"href":"https:\/\/morvayautosiskola.hu\/index.php?rest_route=%2Fwp%2Fv2%2Fmedia&parent=1325"}],"curies":[{"name":"wp","href":"https:\/\/api.w.org\/{rel}","templated":true}]}}