{"id":1317,"date":"2020-11-12T18:28:00","date_gmt":"2020-11-12T18:28:00","guid":{"rendered":"http:\/\/morvayautosiskola.hu\/?page_id=1317"},"modified":"2020-11-16T21:59:04","modified_gmt":"2020-11-16T21:59:04","slug":"allami-tamogatas","status":"publish","type":"page","link":"https:\/\/morvayautosiskola.hu\/?page_id=1317","title":{"rendered":"\u00c1llami t\u00e1mogat\u00e1s"},"content":{"rendered":"\n<p style=\"text-align: center;\">Sikeres KRESZ vizsga ut\u00e1n\u00a0<strong>25.000Ft<\/strong><strong>\u00a0\u00e1llami t\u00e1mogat\u00e1s<\/strong> vehet\u0151 ig\u00e9nybe a jogos\u00edtv\u00e1ny megszerz\u00e9s\u00e9hez!<\/p>\n<p><br \/>Kinek sz\u00f3l a kedvezm\u00e9ny:<\/p>\n<p>2020 j\u00falius 1-je ut\u00e1n tett sikeres KRESZ vizsga ut\u00e1n visszaig\u00e9nyelhetik az \u00e1llami t\u00e1mogat\u00e1st a <strong>20 \u00e9v alattiak<\/strong>, \u00e9s akik\u00a0<strong>csecsem\u0151gondoz\u00e1si d\u00edj<\/strong>ban,\u00a0<strong>gyermekgondoz\u00e1si d\u00edj<\/strong>ban vagy a csal\u00e1dok t\u00e1mogat\u00e1s\u00e1r\u00f3l sz\u00f3l\u00f3 t\u00f6rv\u00e9ny szerinti\u00a0<strong>gyermekgondoz\u00e1st seg\u00edt\u0151 ell\u00e1t\u00e1s<\/strong>ban r\u00e9szes\u00fclnek!<\/p>\n<p>\u00a0<\/p>\n<p style=\"text-align: center;\">A sikeres KRESZ vizsg\u00e1d ut\u00e1n, a r\u00e9szletekr\u0151l \u00e9s a visszaig\u00e9nyl\u00e9s menet\u00e9r\u0151l \u00e9rdekl\u0151dj b\u00e1rtan aut\u00f3siskol\u00e1nk irod\u00e1j\u00e1ban.<\/p>\n","protected":false},"excerpt":{"rendered":"<p>Sikeres KRESZ vizsga ut\u00e1n\u00a025.000Ft\u00a0\u00e1llami t\u00e1mogat\u00e1s vehet\u0151 ig\u00e9nybe a jogos\u00edtv\u00e1ny megszerz\u00e9s\u00e9hez! Kinek sz\u00f3l a kedvezm\u00e9ny: 2020 j\u00falius 1-je ut\u00e1n tett sikeres KRESZ vizsga ut\u00e1n visszaig\u00e9nyelhetik az \u00e1llami t\u00e1mogat\u00e1st a 20 \u00e9v alattiak, \u00e9s akik\u00a0csecsem\u0151gondoz\u00e1si d\u00edjban,\u00a0gyermekgondoz\u00e1si d\u00edjban vagy a csal\u00e1dok t\u00e1mogat\u00e1s\u00e1r\u00f3l sz\u00f3l\u00f3 t\u00f6rv\u00e9ny szerinti\u00a0gyermekgondoz\u00e1st seg\u00edt\u0151 ell\u00e1t\u00e1sban r\u00e9szes\u00fclnek! \u00a0 A sikeres KRESZ vizsg\u00e1d ut\u00e1n, a r\u00e9szletekr\u0151l \u00e9s a &hellip; <\/p>\n","protected":false},"author":2,"featured_media":1459,"parent":0,"menu_order":0,"comment_status":"closed","ping_status":"closed","template":"","meta":{"_uag_custom_page_level_css":"","_monsterinsights_skip_tracking":false,"_monsterinsights_sitenote_active":false,"_monsterinsights_sitenote_note":"","_monsterinsights_sitenote_category":0},"uagb_featured_image_src":{"full":["https:\/\/morvayautosiskola.hu\/wp-content\/uploads\/2020\/11\/plak3.png",630,528,false],"thumbnail":["https:\/\/morvayautosiskola.hu\/wp-content\/uploads\/2020\/11\/plak3-150x150.png",150,150,true],"medium":["https:\/\/morvayautosiskola.hu\/wp-content\/uploads\/2020\/11\/plak3-300x300.png",300,300,true],"medium_large":["https:\/\/morvayautosiskola.hu\/wp-content\/uploads\/2020\/11\/plak3.png",630,528,false],"large":["https:\/\/morvayautosiskola.hu\/wp-content\/uploads\/2020\/11\/plak3.png",630,528,false],"1536x1536":["https:\/\/morvayautosiskola.hu\/wp-content\/uploads\/2020\/11\/plak3.png",630,528,false],"2048x2048":["https:\/\/morvayautosiskola.hu\/wp-content\/uploads\/2020\/11\/plak3.png",630,528,false],"blossom-feminine-slider":["https:\/\/morvayautosiskola.hu\/wp-content\/uploads\/2020\/11\/plak3.png",630,528,false],"blossom-feminine-featured":["https:\/\/morvayautosiskola.hu\/wp-content\/uploads\/2020\/11\/plak3.png",630,528,false],"blossom-feminine-with-sidebar":["https:\/\/morvayautosiskola.hu\/wp-content\/uploads\/2020\/11\/plak3.png",630,528,false],"blossom-feminine-blog":["https:\/\/morvayautosiskola.hu\/wp-content\/uploads\/2020\/11\/plak3-435x435.png",435,435,true],"blossom-feminine-cat":["https:\/\/morvayautosiskola.hu\/wp-content\/uploads\/2020\/11\/plak3-450x300.png",450,300,true],"blossom-feminine-related":["https:\/\/morvayautosiskola.hu\/wp-content\/uploads\/2020\/11\/plak3-320x200.png",320,200,true],"blossom-feminine-schema":["https:\/\/morvayautosiskola.hu\/wp-content\/uploads\/2020\/11\/plak3-72x60.png",72,60,true]},"uagb_author_info":{"display_name":"corevix","author_link":"https:\/\/morvayautosiskola.hu\/?author=2"},"uagb_comment_info":0,"uagb_excerpt":"Sikeres KRESZ vizsga ut\u00e1n\u00a025.000Ft\u00a0\u00e1llami t\u00e1mogat\u00e1s vehet\u0151 ig\u00e9nybe a jogos\u00edtv\u00e1ny megszerz\u00e9s\u00e9hez! Kinek sz\u00f3l a kedvezm\u00e9ny: 2020 j\u00falius 1-je ut\u00e1n tett sikeres KRESZ vizsga ut\u00e1n visszaig\u00e9nyelhetik az \u00e1llami t\u00e1mogat\u00e1st a 20 \u00e9v alattiak, \u00e9s akik\u00a0csecsem\u0151gondoz\u00e1si d\u00edjban,\u00a0gyermekgondoz\u00e1si d\u00edjban vagy a csal\u00e1dok t\u00e1mogat\u00e1s\u00e1r\u00f3l sz\u00f3l\u00f3 t\u00f6rv\u00e9ny szerinti\u00a0gyermekgondoz\u00e1st seg\u00edt\u0151 ell\u00e1t\u00e1sban r\u00e9szes\u00fclnek! \u00a0 A sikeres KRESZ vizsg\u00e1d ut\u00e1n, a r\u00e9szletekr\u0151l \u00e9s a&hellip;","yoast_head":"<!-- This site is optimized with the Yoast SEO plugin v15.2.1 - https:\/\/yoast.com\/wordpress\/plugins\/seo\/ -->\n<title>\u00c1llami t\u00e1mogat\u00e1s -<\/title>\n<meta name=\"robots\" content=\"index, follow, max-snippet:-1, max-image-preview:large, max-video-preview:-1\" \/>\n<link rel=\"canonical\" href=\"https:\/\/morvayautosiskola.hu\/?page_id=1317\" \/>\n<meta property=\"og:locale\" content=\"hu_HU\" \/>\n<meta property=\"og:type\" content=\"article\" \/>\n<meta property=\"og:title\" content=\"\u00c1llami t\u00e1mogat\u00e1s -\" \/>\n<meta property=\"og:description\" content=\"Sikeres KRESZ vizsga ut\u00e1n\u00a025.000Ft\u00a0\u00e1llami t\u00e1mogat\u00e1s vehet\u0151 ig\u00e9nybe a jogos\u00edtv\u00e1ny megszerz\u00e9s\u00e9hez! Kinek sz\u00f3l a kedvezm\u00e9ny: 2020 j\u00falius 1-je ut\u00e1n tett sikeres KRESZ vizsga ut\u00e1n visszaig\u00e9nyelhetik az \u00e1llami t\u00e1mogat\u00e1st a 20 \u00e9v alattiak, \u00e9s akik\u00a0csecsem\u0151gondoz\u00e1si d\u00edjban,\u00a0gyermekgondoz\u00e1si d\u00edjban vagy a csal\u00e1dok t\u00e1mogat\u00e1s\u00e1r\u00f3l sz\u00f3l\u00f3 t\u00f6rv\u00e9ny szerinti\u00a0gyermekgondoz\u00e1st seg\u00edt\u0151 ell\u00e1t\u00e1sban r\u00e9szes\u00fclnek! \u00a0 A sikeres KRESZ vizsg\u00e1d ut\u00e1n, a r\u00e9szletekr\u0151l \u00e9s a &hellip;\" \/>\n<meta property=\"og:url\" content=\"https:\/\/morvayautosiskola.hu\/?page_id=1317\" \/>\n<meta property=\"article:modified_time\" content=\"2020-11-16T21:59:04+00:00\" \/>\n<meta property=\"og:image\" content=\"https:\/\/morvayautosiskola.hu\/wp-content\/uploads\/2020\/11\/plak3.png\" \/>\n\t<meta property=\"og:image:width\" content=\"630\" \/>\n\t<meta property=\"og:image:height\" content=\"528\" \/>\n<meta name=\"twitter:card\" content=\"summary_large_image\" \/>\n<meta name=\"twitter:label1\" content=\"Szerz\u0151:\">\n\t<meta name=\"twitter:data1\" content=\"corevix\">\n\t<meta name=\"twitter:label2\" content=\"Becs\u00fclt olvas\u00e1si id\u0151\">\n\t<meta name=\"twitter:data2\" content=\"0 perc\">\n<script type=\"application\/ld+json\" class=\"yoast-schema-graph\">{\"@context\":\"https:\/\/schema.org\",\"@graph\":[{\"@type\":\"WebSite\",\"@id\":\"https:\/\/morvayautosiskola.hu\/#website\",\"url\":\"https:\/\/morvayautosiskola.hu\/\",\"name\":\"\",\"description\":\"&quot;Ha jogsi kell, mondd csak ki: AUT\\u00d3SISKOLA MORVAY!&quot;\",\"potentialAction\":[{\"@type\":\"SearchAction\",\"target\":\"https:\/\/morvayautosiskola.hu\/?s={search_term_string}\",\"query-input\":\"required name=search_term_string\"}],\"inLanguage\":\"hu\"},{\"@type\":\"ImageObject\",\"@id\":\"https:\/\/morvayautosiskola.hu\/?page_id=1317#primaryimage\",\"inLanguage\":\"hu\",\"url\":\"https:\/\/morvayautosiskola.hu\/wp-content\/uploads\/2020\/11\/plak3.png\",\"width\":630,\"height\":528},{\"@type\":\"WebPage\",\"@id\":\"https:\/\/morvayautosiskola.hu\/?page_id=1317#webpage\",\"url\":\"https:\/\/morvayautosiskola.hu\/?page_id=1317\",\"name\":\"\\u00c1llami t\\u00e1mogat\\u00e1s -\",\"isPartOf\":{\"@id\":\"https:\/\/morvayautosiskola.hu\/#website\"},\"primaryImageOfPage\":{\"@id\":\"https:\/\/morvayautosiskola.hu\/?page_id=1317#primaryimage\"},\"datePublished\":\"2020-11-12T18:28:00+00:00\",\"dateModified\":\"2020-11-16T21:59:04+00:00\",\"inLanguage\":\"hu\",\"potentialAction\":[{\"@type\":\"ReadAction\",\"target\":[\"https:\/\/morvayautosiskola.hu\/?page_id=1317\"]}]}]}<\/script>\n<!-- \/ Yoast SEO plugin. -->","_links":{"self":[{"href":"https:\/\/morvayautosiskola.hu\/index.php?rest_route=\/wp\/v2\/pages\/1317"}],"collection":[{"href":"https:\/\/morvayautosiskola.hu\/index.php?rest_route=\/wp\/v2\/pages"}],"about":[{"href":"https:\/\/morvayautosiskola.hu\/index.php?rest_route=\/wp\/v2\/types\/page"}],"author":[{"embeddable":true,"href":"https:\/\/morvayautosiskola.hu\/index.php?rest_route=\/wp\/v2\/users\/2"}],"replies":[{"embeddable":true,"href":"https:\/\/morvayautosiskola.hu\/index.php?rest_route=%2Fwp%2Fv2%2Fcomments&post=1317"}],"version-history":[{"count":3,"href":"https:\/\/morvayautosiskola.hu\/index.php?rest_route=\/wp\/v2\/pages\/1317\/revisions"}],"predecessor-version":[{"id":1340,"href":"https:\/\/morvayautosiskola.hu\/index.php?rest_route=\/wp\/v2\/pages\/1317\/revisions\/1340"}],"wp:featuredmedia":[{"embeddable":true,"href":"https:\/\/morvayautosiskola.hu\/index.php?rest_route=\/wp\/v2\/media\/1459"}],"wp:attachment":[{"href":"https:\/\/morvayautosiskola.hu\/index.php?rest_route=%2Fwp%2Fv2%2Fmedia&parent=1317"}],"curies":[{"name":"wp","href":"https:\/\/api.w.org\/{rel}","templated":true}]}}