{"id":1197,"date":"2020-11-11T20:25:14","date_gmt":"2020-11-11T20:25:14","guid":{"rendered":"http:\/\/morvayautosiskola.hu\/?page_id=1197"},"modified":"2022-06-24T09:57:40","modified_gmt":"2022-06-24T09:57:40","slug":"kapcsolat-2","status":"publish","type":"page","link":"https:\/\/morvayautosiskola.hu\/?page_id=1197","title":{"rendered":"Kapcsolat"},"content":{"rendered":"\n<h4 style=\"text-align: center;\">MORVAY Aut\u00f3siskola Kft.<\/h4>\n<p style=\"text-align: center;\">C\u00edm: 2700 Cegl\u00e9d, R\u00e1k\u00f3czi \u00fat 13. (Rend\u0151rs\u00e9ggel szemben)<\/p>\n<p style=\"text-align: center;\"><span style=\"color: #0da9e2;\"><strong>Tel: 06-30-597 7478<\/strong><\/span><\/p>\n<p style=\"text-align: center;\">e-mail: <a href=\"mailto:morvay.autosiskola@gmail.com\">morvay.autosiskola@gmail.com<\/a><\/p>\n<p style=\"text-align: center;\"><a href=\"https:\/\/www.facebook.com\/morvay.autosiskola\">https:\/\/www.facebook.com\/morvay.autosiskola<\/a><\/p>\n<p style=\"text-align: center;\"><a href=\"https:\/\/www.facebook.com\/autosiskolamorvay\">https:\/\/www.facebook.com\/autosiskolamorvay<\/a><\/p>\n<p>\u00a0<\/p>\n\n\n\t\t\t<div \n\t\t\tclass=\"wp-block-uagb-google-map uagb-google-map__wrap uagb-block-873a39e1    \"\n\t\t\tstyle=\"\" >\n\t\t\t\t<iframe\n\t\t\t\t\tclass=\"uagb-google-map__iframe\"\n\t\t\t\t\ttitle=\"Google Map for \"\n\t\t\t\t\tsrc=\"https:\/\/maps.google.com\/maps?q=Cegl%C3%A9d%20R%C3%A1k%C3%B3czi%20%C3%BAt%2013&#038;z=18&#038;hl=en&#038;t=m&#038;output=embed&#038;iwloc=near\"\n\t\t\t\t\twidth=\"640\"\n\t\t\t\t\theight=\"281\"\n\t\t\t\t\tloading=\"lazy\"\n\t\t\t\t><\/iframe>\n\t\t\t<\/div>\n\t\t\t","protected":false},"excerpt":{"rendered":"<p>MORVAY Aut\u00f3siskola Kft. C\u00edm: 2700 Cegl\u00e9d, R\u00e1k\u00f3czi \u00fat 13. (Rend\u0151rs\u00e9ggel szemben) Tel: 06-30-597 7478 e-mail: morvay.autosiskola@gmail.com https:\/\/www.facebook.com\/morvay.autosiskola https:\/\/www.facebook.com\/autosiskolamorvay \u00a0<\/p>\n","protected":false},"author":2,"featured_media":1528,"parent":0,"menu_order":0,"comment_status":"closed","ping_status":"closed","template":"","meta":{"_uag_custom_page_level_css":"","_monsterinsights_skip_tracking":false,"_monsterinsights_sitenote_active":false,"_monsterinsights_sitenote_note":"","_monsterinsights_sitenote_category":0},"uagb_featured_image_src":{"full":["https:\/\/morvayautosiskola.hu\/wp-content\/uploads\/2020\/11\/plak17.png",630,528,false],"thumbnail":["https:\/\/morvayautosiskola.hu\/wp-content\/uploads\/2020\/11\/plak17-150x150.png",150,150,true],"medium":["https:\/\/morvayautosiskola.hu\/wp-content\/uploads\/2020\/11\/plak17-300x300.png",300,300,true],"medium_large":["https:\/\/morvayautosiskola.hu\/wp-content\/uploads\/2020\/11\/plak17.png",630,528,false],"large":["https:\/\/morvayautosiskola.hu\/wp-content\/uploads\/2020\/11\/plak17.png",630,528,false],"1536x1536":["https:\/\/morvayautosiskola.hu\/wp-content\/uploads\/2020\/11\/plak17.png",630,528,false],"2048x2048":["https:\/\/morvayautosiskola.hu\/wp-content\/uploads\/2020\/11\/plak17.png",630,528,false],"blossom-feminine-slider":["https:\/\/morvayautosiskola.hu\/wp-content\/uploads\/2020\/11\/plak17.png",630,528,false],"blossom-feminine-featured":["https:\/\/morvayautosiskola.hu\/wp-content\/uploads\/2020\/11\/plak17.png",630,528,false],"blossom-feminine-with-sidebar":["https:\/\/morvayautosiskola.hu\/wp-content\/uploads\/2020\/11\/plak17.png",630,528,false],"blossom-feminine-blog":["https:\/\/morvayautosiskola.hu\/wp-content\/uploads\/2020\/11\/plak17-435x435.png",435,435,true],"blossom-feminine-cat":["https:\/\/morvayautosiskola.hu\/wp-content\/uploads\/2020\/11\/plak17-450x300.png",450,300,true],"blossom-feminine-related":["https:\/\/morvayautosiskola.hu\/wp-content\/uploads\/2020\/11\/plak17-320x200.png",320,200,true],"blossom-feminine-schema":["https:\/\/morvayautosiskola.hu\/wp-content\/uploads\/2020\/11\/plak17-72x60.png",72,60,true]},"uagb_author_info":{"display_name":"corevix","author_link":"https:\/\/morvayautosiskola.hu\/?author=2"},"uagb_comment_info":0,"uagb_excerpt":"MORVAY Aut\u00f3siskola Kft. C\u00edm: 2700 Cegl\u00e9d, R\u00e1k\u00f3czi \u00fat 13. (Rend\u0151rs\u00e9ggel szemben) Tel: 06-30-597 7478 e-mail: morvay.autosiskola@gmail.com https:\/\/www.facebook.com\/morvay.autosiskola https:\/\/www.facebook.com\/autosiskolamorvay \u00a0","yoast_head":"<!-- This site is optimized with the Yoast SEO plugin v15.2.1 - https:\/\/yoast.com\/wordpress\/plugins\/seo\/ -->\n<title>Kapcsolat -<\/title>\n<meta name=\"robots\" content=\"index, follow, max-snippet:-1, max-image-preview:large, max-video-preview:-1\" \/>\n<link rel=\"canonical\" href=\"https:\/\/morvayautosiskola.hu\/?page_id=1197\" \/>\n<meta property=\"og:locale\" content=\"hu_HU\" \/>\n<meta property=\"og:type\" content=\"article\" \/>\n<meta property=\"og:title\" content=\"Kapcsolat -\" \/>\n<meta property=\"og:description\" content=\"MORVAY Aut\u00f3siskola Kft. C\u00edm: 2700 Cegl\u00e9d, R\u00e1k\u00f3czi \u00fat 13. (Rend\u0151rs\u00e9ggel szemben) Tel: 06-30-597 7478 e-mail: morvay.autosiskola@gmail.com https:\/\/www.facebook.com\/morvay.autosiskola https:\/\/www.facebook.com\/autosiskolamorvay \u00a0\" \/>\n<meta property=\"og:url\" content=\"https:\/\/morvayautosiskola.hu\/?page_id=1197\" \/>\n<meta property=\"article:modified_time\" content=\"2022-06-24T09:57:40+00:00\" \/>\n<meta property=\"og:image\" content=\"https:\/\/morvayautosiskola.hu\/wp-content\/uploads\/2020\/11\/plak17.png\" \/>\n\t<meta property=\"og:image:width\" content=\"630\" \/>\n\t<meta property=\"og:image:height\" content=\"528\" \/>\n<meta name=\"twitter:card\" content=\"summary_large_image\" \/>\n<meta name=\"twitter:label1\" content=\"Szerz\u0151:\">\n\t<meta name=\"twitter:data1\" content=\"corevix\">\n\t<meta name=\"twitter:label2\" content=\"Becs\u00fclt olvas\u00e1si id\u0151\">\n\t<meta name=\"twitter:data2\" content=\"0 perc\">\n<script type=\"application\/ld+json\" class=\"yoast-schema-graph\">{\"@context\":\"https:\/\/schema.org\",\"@graph\":[{\"@type\":\"WebSite\",\"@id\":\"https:\/\/morvayautosiskola.hu\/#website\",\"url\":\"https:\/\/morvayautosiskola.hu\/\",\"name\":\"\",\"description\":\"&quot;Ha jogsi kell, mondd csak ki: AUT\\u00d3SISKOLA MORVAY!&quot;\",\"potentialAction\":[{\"@type\":\"SearchAction\",\"target\":\"https:\/\/morvayautosiskola.hu\/?s={search_term_string}\",\"query-input\":\"required name=search_term_string\"}],\"inLanguage\":\"hu\"},{\"@type\":\"ImageObject\",\"@id\":\"https:\/\/morvayautosiskola.hu\/?page_id=1197#primaryimage\",\"inLanguage\":\"hu\",\"url\":\"https:\/\/morvayautosiskola.hu\/wp-content\/uploads\/2020\/11\/plak17.png\",\"width\":630,\"height\":528},{\"@type\":\"WebPage\",\"@id\":\"https:\/\/morvayautosiskola.hu\/?page_id=1197#webpage\",\"url\":\"https:\/\/morvayautosiskola.hu\/?page_id=1197\",\"name\":\"Kapcsolat -\",\"isPartOf\":{\"@id\":\"https:\/\/morvayautosiskola.hu\/#website\"},\"primaryImageOfPage\":{\"@id\":\"https:\/\/morvayautosiskola.hu\/?page_id=1197#primaryimage\"},\"datePublished\":\"2020-11-11T20:25:14+00:00\",\"dateModified\":\"2022-06-24T09:57:40+00:00\",\"inLanguage\":\"hu\",\"potentialAction\":[{\"@type\":\"ReadAction\",\"target\":[\"https:\/\/morvayautosiskola.hu\/?page_id=1197\"]}]}]}<\/script>\n<!-- \/ Yoast SEO plugin. -->","_links":{"self":[{"href":"https:\/\/morvayautosiskola.hu\/index.php?rest_route=\/wp\/v2\/pages\/1197"}],"collection":[{"href":"https:\/\/morvayautosiskola.hu\/index.php?rest_route=\/wp\/v2\/pages"}],"about":[{"href":"https:\/\/morvayautosiskola.hu\/index.php?rest_route=\/wp\/v2\/types\/page"}],"author":[{"embeddable":true,"href":"https:\/\/morvayautosiskola.hu\/index.php?rest_route=\/wp\/v2\/users\/2"}],"replies":[{"embeddable":true,"href":"https:\/\/morvayautosiskola.hu\/index.php?rest_route=%2Fwp%2Fv2%2Fcomments&post=1197"}],"version-history":[{"count":9,"href":"https:\/\/morvayautosiskola.hu\/index.php?rest_route=\/wp\/v2\/pages\/1197\/revisions"}],"predecessor-version":[{"id":1827,"href":"https:\/\/morvayautosiskola.hu\/index.php?rest_route=\/wp\/v2\/pages\/1197\/revisions\/1827"}],"wp:featuredmedia":[{"embeddable":true,"href":"https:\/\/morvayautosiskola.hu\/index.php?rest_route=\/wp\/v2\/media\/1528"}],"wp:attachment":[{"href":"https:\/\/morvayautosiskola.hu\/index.php?rest_route=%2Fwp%2Fv2%2Fmedia&parent=1197"}],"curies":[{"name":"wp","href":"https:\/\/api.w.org\/{rel}","templated":true}]}}