{"id":37,"date":"2014-02-18T15:41:28","date_gmt":"2014-02-18T15:41:28","guid":{"rendered":"http:\/\/morvayautosiskola.hu\/?page_id=37"},"modified":"2020-11-22T11:00:55","modified_gmt":"2020-11-22T11:00:55","slug":"rolunk","status":"publish","type":"page","link":"http:\/\/morvayautosiskola.hu\/?page_id=37","title":{"rendered":"R\u00f3lunk"},"content":{"rendered":"<h4 style=\"text-align: center;\">Szeretettel k\u00f6sz\u00f6nt\u00fcnk aut\u00f3siskol\u00e1nk honlapj\u00e1n!<\/h4>\n\n\n<section class=\"wp-block-uagb-columns uagb-columns__wrap uagb-columns__background-undefined uagb-columns__stack-mobile uagb-columns__valign-undefined uagb-columns__gap-10 alignundefined uagb-block-ade303cc\"><div class=\"uagb-columns__overlay\"><\/div><div class=\"uagb-columns__inner-wrap uagb-columns__columns-2\">\n<div class=\"wp-block-uagb-column uagb-column__wrap uagb-column__background-undefined uagb-block-86303f1a\"><div class=\"uagb-column__overlay\"><\/div><div class=\"uagb-column__inner-wrap\">\n<p style=\"text-align: justify;\">Iskol\u00e1nk tulajdonosa Morvay Zolt\u00e1n, aki 2005 \u00f3ta oktat g\u00e9pj\u00e1rm\u0171vezet\u0151ket. Az \u00e9vek sor\u00e1n kiv\u00e1l\u00f3 szakmai h\u00edrn\u00e9vre \u00e9s elismer\u00e9sre tett\u00fcnk szert, melyet mi sem bizony\u00edt jobban, mint az eddig t\u00f6bb mint 6000 el\u00e9gedett tanul\u00f3nk. Csapatunk is kib\u0151v\u00fclt a kezdetek \u00f3ta, jelenleg 15 j\u00f3l k\u00e9pzett \u00e9s sikeres oktat\u00f3 k\u00f6z\u00fcl v\u00e1laszthatsz.<\/p>\n<p style=\"text-align: justify;\">Minden ig\u00e9nyt igyeksz\u00fcnk kiel\u00e9g\u00edteni, \u00edgy a \u201eB\u201d kateg\u00f3ria (aut\u00f3s jogsi) mellett az \u00f6sszes motoros kateg\u00f3ria is megtal\u00e1lhat\u00f3 k\u00e9pz\u00e9seink k\u00f6z\u00f6tt (\u201eAM\u201d \u2013 seg\u00e9dmotort\u00f3l \u201eA korl\u00e1tlan\u201d-ig).<\/p>\n<p style=\"text-align: justify;\">Ha el\u00e9rkezettnek l\u00e1tod az id\u0151t, hogy jogos\u00edtv\u00e1nyt szerezz, \u00e9s \u00fagy d\u00f6ntesz, hogy ehhez a MORVAY Aut\u00f3siskol\u00e1t v\u00e1lasztod, biztos lehetsz benne, hogy egy igen magas sz\u00ednvonal\u00fa, j\u00f3 hangulatban elt\u00f6lt\u00f6tt oktat\u00e1sban fogsz r\u00e9szes\u00fclni.<\/p>\n<\/div><\/div>\n\n\n\n<div class=\"wp-block-uagb-column uagb-column__wrap uagb-column__background-undefined uagb-block-595a0ac4\"><div class=\"uagb-column__overlay\"><\/div><div class=\"uagb-column__inner-wrap\">\n<p style=\"text-align: justify;\">Viszont ha m\u00e9g mindig nem gy\u0151zt\u00fcnk meg teljesen, k\u00e9rdezd k\u00f6rbe bar\u00e1taidat, ismer\u0151seidet, vagy csak n\u00e9h\u00e1ny embert az utc\u00e1n, kinek milyen tapasztalata van az aut\u00f3siskol\u00e1kkal kapcsolatban. R\u00e1 fogsz j\u00f6nni, hogy ha a MORVAY Aut\u00f3siskol\u00e1t v\u00e1lasztod, akkor a min\u0151s\u00e9get, a sz\u00ednvonalat kapod, \u00e9s ez\u00e1ltal a legjobb d\u00f6nt\u00e9st hozod.<\/p>\n<p>Bizalommal fordulhatsz hozz\u00e1nk b\u00e1rmilyen k\u00e9rd\u00e9sed van, vedd fel vel\u00fcnk a kapcsolatot telefonon, e-mailben vagy szem\u00e9lyesen irod\u00e1nkban.<\/p>\n<\/div><\/div>\n<\/div><\/section>\n","protected":false},"excerpt":{"rendered":"<p>Szeretettel k\u00f6sz\u00f6nt\u00fcnk aut\u00f3siskol\u00e1nk honlapj\u00e1n! Iskol\u00e1nk tulajdonosa Morvay Zolt\u00e1n, aki 2005 \u00f3ta oktat g\u00e9pj\u00e1rm\u0171vezet\u0151ket. Az \u00e9vek sor\u00e1n kiv\u00e1l\u00f3 szakmai h\u00edrn\u00e9vre \u00e9s elismer\u00e9sre tett\u00fcnk szert, melyet mi sem bizony\u00edt jobban, mint az eddig t\u00f6bb mint 6000 el\u00e9gedett tanul\u00f3nk. Csapatunk is kib\u0151v\u00fclt a kezdetek \u00f3ta, jelenleg 15 j\u00f3l k\u00e9pzett \u00e9s sikeres oktat\u00f3 k\u00f6z\u00fcl v\u00e1laszthatsz. Minden ig\u00e9nyt igyeksz\u00fcnk kiel\u00e9g\u00edteni, &hellip; <\/p>\n","protected":false},"author":1,"featured_media":1520,"parent":0,"menu_order":0,"comment_status":"open","ping_status":"open","template":"","meta":{"_uag_custom_page_level_css":"","_monsterinsights_skip_tracking":false,"_monsterinsights_sitenote_active":false,"_monsterinsights_sitenote_note":"","_monsterinsights_sitenote_category":0},"uagb_featured_image_src":{"full":["http:\/\/morvayautosiskola.hu\/wp-content\/uploads\/2020\/11\/plak9-2.png",630,528,false],"thumbnail":["http:\/\/morvayautosiskola.hu\/wp-content\/uploads\/2020\/11\/plak9-2-150x150.png",150,150,true],"medium":["http:\/\/morvayautosiskola.hu\/wp-content\/uploads\/2020\/11\/plak9-2-300x300.png",300,300,true],"medium_large":["http:\/\/morvayautosiskola.hu\/wp-content\/uploads\/2020\/11\/plak9-2.png",630,528,false],"large":["http:\/\/morvayautosiskola.hu\/wp-content\/uploads\/2020\/11\/plak9-2.png",630,528,false],"1536x1536":["http:\/\/morvayautosiskola.hu\/wp-content\/uploads\/2020\/11\/plak9-2.png",630,528,false],"2048x2048":["http:\/\/morvayautosiskola.hu\/wp-content\/uploads\/2020\/11\/plak9-2.png",630,528,false],"blossom-feminine-slider":["http:\/\/morvayautosiskola.hu\/wp-content\/uploads\/2020\/11\/plak9-2.png",630,528,false],"blossom-feminine-featured":["http:\/\/morvayautosiskola.hu\/wp-content\/uploads\/2020\/11\/plak9-2.png",630,528,false],"blossom-feminine-with-sidebar":["http:\/\/morvayautosiskola.hu\/wp-content\/uploads\/2020\/11\/plak9-2.png",630,528,false],"blossom-feminine-blog":["http:\/\/morvayautosiskola.hu\/wp-content\/uploads\/2020\/11\/plak9-2-435x435.png",435,435,true],"blossom-feminine-cat":["http:\/\/morvayautosiskola.hu\/wp-content\/uploads\/2020\/11\/plak9-2-450x300.png",450,300,true],"blossom-feminine-related":["http:\/\/morvayautosiskola.hu\/wp-content\/uploads\/2020\/11\/plak9-2-320x200.png",320,200,true],"blossom-feminine-schema":["http:\/\/morvayautosiskola.hu\/wp-content\/uploads\/2020\/11\/plak9-2-72x60.png",72,60,true]},"uagb_author_info":{"display_name":"admin","author_link":"http:\/\/morvayautosiskola.hu\/?author=1"},"uagb_comment_info":0,"uagb_excerpt":"Szeretettel k\u00f6sz\u00f6nt\u00fcnk aut\u00f3siskol\u00e1nk honlapj\u00e1n! Iskol\u00e1nk tulajdonosa Morvay Zolt\u00e1n, aki 2005 \u00f3ta oktat g\u00e9pj\u00e1rm\u0171vezet\u0151ket. Az \u00e9vek sor\u00e1n kiv\u00e1l\u00f3 szakmai h\u00edrn\u00e9vre \u00e9s elismer\u00e9sre tett\u00fcnk szert, melyet mi sem bizony\u00edt jobban, mint az eddig t\u00f6bb mint 6000 el\u00e9gedett tanul\u00f3nk. Csapatunk is kib\u0151v\u00fclt a kezdetek \u00f3ta, jelenleg 15 j\u00f3l k\u00e9pzett \u00e9s sikeres oktat\u00f3 k\u00f6z\u00fcl v\u00e1laszthatsz. Minden ig\u00e9nyt igyeksz\u00fcnk kiel\u00e9g\u00edteni,&hellip;","yoast_head":"<!-- This site is optimized with the Yoast SEO plugin v15.2.1 - https:\/\/yoast.com\/wordpress\/plugins\/seo\/ -->\n<title>R\u00f3lunk -<\/title>\n<meta name=\"robots\" content=\"index, follow, max-snippet:-1, max-image-preview:large, max-video-preview:-1\" \/>\n<link rel=\"canonical\" href=\"https:\/\/morvayautosiskola.hu\/?page_id=37\" \/>\n<meta property=\"og:locale\" content=\"hu_HU\" \/>\n<meta property=\"og:type\" content=\"article\" \/>\n<meta property=\"og:title\" content=\"R\u00f3lunk -\" \/>\n<meta property=\"og:description\" content=\"Szeretettel k\u00f6sz\u00f6nt\u00fcnk aut\u00f3siskol\u00e1nk honlapj\u00e1n! Iskol\u00e1nk tulajdonosa Morvay Zolt\u00e1n, aki 2005 \u00f3ta oktat g\u00e9pj\u00e1rm\u0171vezet\u0151ket. Az \u00e9vek sor\u00e1n kiv\u00e1l\u00f3 szakmai h\u00edrn\u00e9vre \u00e9s elismer\u00e9sre tett\u00fcnk szert, melyet mi sem bizony\u00edt jobban, mint az eddig t\u00f6bb mint 6000 el\u00e9gedett tanul\u00f3nk. Csapatunk is kib\u0151v\u00fclt a kezdetek \u00f3ta, jelenleg 15 j\u00f3l k\u00e9pzett \u00e9s sikeres oktat\u00f3 k\u00f6z\u00fcl v\u00e1laszthatsz. Minden ig\u00e9nyt igyeksz\u00fcnk kiel\u00e9g\u00edteni, &hellip;\" \/>\n<meta property=\"og:url\" content=\"https:\/\/morvayautosiskola.hu\/?page_id=37\" \/>\n<meta property=\"article:modified_time\" content=\"2020-11-22T11:00:55+00:00\" \/>\n<meta property=\"og:image\" content=\"http:\/\/morvayautosiskola.hu\/wp-content\/uploads\/2020\/11\/plak9-2.png\" \/>\n\t<meta property=\"og:image:width\" content=\"630\" \/>\n\t<meta property=\"og:image:height\" content=\"528\" \/>\n<meta name=\"twitter:card\" content=\"summary_large_image\" \/>\n<meta name=\"twitter:label1\" content=\"Szerz\u0151:\">\n\t<meta name=\"twitter:data1\" content=\"admin\">\n\t<meta name=\"twitter:label2\" content=\"Becs\u00fclt olvas\u00e1si id\u0151\">\n\t<meta name=\"twitter:data2\" content=\"1 perc\">\n<script type=\"application\/ld+json\" class=\"yoast-schema-graph\">{\"@context\":\"https:\/\/schema.org\",\"@graph\":[{\"@type\":\"WebSite\",\"@id\":\"https:\/\/morvayautosiskola.hu\/#website\",\"url\":\"https:\/\/morvayautosiskola.hu\/\",\"name\":\"\",\"description\":\"&quot;Ha jogsi kell, mondd csak ki: AUT\\u00d3SISKOLA MORVAY!&quot;\",\"potentialAction\":[{\"@type\":\"SearchAction\",\"target\":\"https:\/\/morvayautosiskola.hu\/?s={search_term_string}\",\"query-input\":\"required name=search_term_string\"}],\"inLanguage\":\"hu\"},{\"@type\":\"ImageObject\",\"@id\":\"https:\/\/morvayautosiskola.hu\/?page_id=37#primaryimage\",\"inLanguage\":\"hu\",\"url\":\"http:\/\/morvayautosiskola.hu\/wp-content\/uploads\/2020\/11\/plak9-2.png\",\"width\":630,\"height\":528},{\"@type\":\"WebPage\",\"@id\":\"https:\/\/morvayautosiskola.hu\/?page_id=37#webpage\",\"url\":\"https:\/\/morvayautosiskola.hu\/?page_id=37\",\"name\":\"R\\u00f3lunk -\",\"isPartOf\":{\"@id\":\"https:\/\/morvayautosiskola.hu\/#website\"},\"primaryImageOfPage\":{\"@id\":\"https:\/\/morvayautosiskola.hu\/?page_id=37#primaryimage\"},\"datePublished\":\"2014-02-18T15:41:28+00:00\",\"dateModified\":\"2020-11-22T11:00:55+00:00\",\"inLanguage\":\"hu\",\"potentialAction\":[{\"@type\":\"ReadAction\",\"target\":[\"https:\/\/morvayautosiskola.hu\/?page_id=37\"]}]}]}<\/script>\n<!-- \/ Yoast SEO plugin. -->","_links":{"self":[{"href":"http:\/\/morvayautosiskola.hu\/index.php?rest_route=\/wp\/v2\/pages\/37"}],"collection":[{"href":"http:\/\/morvayautosiskola.hu\/index.php?rest_route=\/wp\/v2\/pages"}],"about":[{"href":"http:\/\/morvayautosiskola.hu\/index.php?rest_route=\/wp\/v2\/types\/page"}],"author":[{"embeddable":true,"href":"http:\/\/morvayautosiskola.hu\/index.php?rest_route=\/wp\/v2\/users\/1"}],"replies":[{"embeddable":true,"href":"http:\/\/morvayautosiskola.hu\/index.php?rest_route=%2Fwp%2Fv2%2Fcomments&post=37"}],"version-history":[{"count":32,"href":"http:\/\/morvayautosiskola.hu\/index.php?rest_route=\/wp\/v2\/pages\/37\/revisions"}],"predecessor-version":[{"id":1612,"href":"http:\/\/morvayautosiskola.hu\/index.php?rest_route=\/wp\/v2\/pages\/37\/revisions\/1612"}],"wp:featuredmedia":[{"embeddable":true,"href":"http:\/\/morvayautosiskola.hu\/index.php?rest_route=\/wp\/v2\/media\/1520"}],"wp:attachment":[{"href":"http:\/\/morvayautosiskola.hu\/index.php?rest_route=%2Fwp%2Fv2%2Fmedia&parent=37"}],"curies":[{"name":"wp","href":"https:\/\/api.w.org\/{rel}","templated":true}]}}