{"id":1065,"date":"2020-11-10T13:40:29","date_gmt":"2020-11-10T13:40:29","guid":{"rendered":"http:\/\/morvayautosiskola.hu\/?page_id=1065"},"modified":"2021-01-06T16:42:15","modified_gmt":"2021-01-06T16:42:15","slug":"fooldal","status":"publish","type":"page","link":"http:\/\/morvayautosiskola.hu\/","title":{"rendered":"F\u0151oldal"},"content":{"rendered":"\n\n\n\t\t\t<div class=\"wp-block-uagb-post-grid uagb-post-grid  uagb-post__image-position-top uagb-post__image-enabled uagb-block-bd233e4f     uagb-post__items uagb-post__columns-4 is-grid uagb-post__columns-tablet-2 uagb-post__columns-mobile-1 uagb-post__equal-height\" data-total=\"1\" style=\"\">\n\n\t\t\t\t\t\t\t\t\t\t\t\t<article class=\"uagb-post__inner-wrap\">\t\t\t\t\t\t\t\t<div class='uagb-post__image'>\n\t\t\t\t\t\t\t\t\t<a href=\"http:\/\/morvayautosiskola.hu\/?p=2273\" target=\"_self\" rel=\"bookmark noopener noreferrer\" class='uagb-image-ratio-inherit'><img width=\"630\" height=\"528\" src=\"http:\/\/morvayautosiskola.hu\/wp-content\/uploads\/2025\/02\/plakuj.png\" class=\"attachment-full size-full colorbox-2273 \" alt=\"\" decoding=\"async\" loading=\"lazy\" srcset=\"http:\/\/morvayautosiskola.hu\/wp-content\/uploads\/2025\/02\/plakuj.png 630w, http:\/\/morvayautosiskola.hu\/wp-content\/uploads\/2025\/02\/plakuj-72x60.png 72w\" sizes=\"(max-width: 630px) 100vw, 630px\" \/>\t\t\t\t\t<\/a>\n\t\t\t\t\t\t\t<\/div>\n\t\t\t\t\t\t<h5 class=\"uagb-post__title uagb-post__text\">\n\t\t\t\t<a href=\"http:\/\/morvayautosiskola.hu\/?p=2273\" target=\"_self\" rel=\"bookmark noopener noreferrer\">K\u00f6z\u00e9piskol\u00e1s j\u00e1rm\u0171vezet\u0151 k\u00e9pz\u00e9sben r\u00e9sztvev\u0151 tanul\u00f3k!<\/a>\n\t\t\t<\/h5>\n\t\t\t\t\t\t<div class='uagb-post__text uagb-post-grid-byline'>\n\t\t\t\t\t\t\t<\/div>\n\t\t\t\t\t\t\t<div class='uagb-post__text uagb-post__excerpt'>\n\t\t\t\t\t<!-- wp:tadv\/classic-paragraph -->\n<p style=\"text-align: center\"><strong>FIGYELEM!<\/strong><\/p>\n<p>&nbsp;<br>Ha sikeres KRESZ vizsg\u00e1t tett\u00e9l \u00e9s szeretn\u00e9d megkezdeni a gyakorlati oktat\u00e1st a MORVAY<br>Aut\u00f3siskol\u00e1ban, akkor v\u00e1runk T\u00e9ged t\u00fcrelmes, nagy tapasztalattal rendelkez\u0151 oktat\u00f3inkkal!<br>Mit kell tenned? A KR\u00c9TA rendszerben let\u00f6lthet\u0151 az a K\u00e9pz\u00e9si igazol\u00e1s, amelyet aut\u00f3siskol\u00e1nkba<br>behozol, ennek alapj\u00e1n ki\u00e1ll\u00edtjuk a befogad\u00f3 nyilatkozatot. A K\u00e9pz\u00e9si igazol\u00e1ssal \u00e9s a Befogad\u00f3<br>nyilatkozatunkkal a KAV \u00dcgyf\u00e9lszolg\u00e1lat\u00e1n szem\u00e9lyesen k\u00e9rheted az \u00e1thelyez\u00e9sed.<\/p>\n<p>Ezut\u00e1n m\u00e1r kezdheted is a vezet\u00e9st!<\/p>\n<!-- \/wp:tadv\/classic-paragraph -->\n\n<!-- wp:tadv\/classic-paragraph \/-->\t\t\t\t<\/div>\n\t\t\t\t\t\t\t\t\t\t\t\t<\/article>\n\t\t\t\t\t\t\t\t\t\t\t\t\t\t\t\t<article class=\"uagb-post__inner-wrap\">\t\t\t\t\t\t\t\t<div class='uagb-post__image'>\n\t\t\t\t\t\t\t\t\t<a href=\"http:\/\/morvayautosiskola.hu\/?p=1668\" target=\"_self\" rel=\"bookmark noopener noreferrer\" class='uagb-image-ratio-inherit'><img width=\"630\" height=\"528\" src=\"http:\/\/morvayautosiskola.hu\/wp-content\/uploads\/2021\/03\/aktualis.png\" class=\"attachment-full size-full colorbox-1668 \" alt=\"\" decoding=\"async\" loading=\"lazy\" srcset=\"http:\/\/morvayautosiskola.hu\/wp-content\/uploads\/2021\/03\/aktualis.png 630w, http:\/\/morvayautosiskola.hu\/wp-content\/uploads\/2021\/03\/aktualis-72x60.png 72w\" sizes=\"(max-width: 630px) 100vw, 630px\" \/>\t\t\t\t\t<\/a>\n\t\t\t\t\t\t\t<\/div>\n\t\t\t\t\t\t<h5 class=\"uagb-post__title uagb-post__text\">\n\t\t\t\t<a href=\"http:\/\/morvayautosiskola.hu\/?p=1668\" target=\"_self\" rel=\"bookmark noopener noreferrer\">Aktu\u00e1lis<\/a>\n\t\t\t<\/h5>\n\t\t\t\t\t\t<div class='uagb-post__text uagb-post-grid-byline'>\n\t\t\t\t\t\t\t<\/div>\n\t\t\t\t\t\t\t<div class='uagb-post__text uagb-post__excerpt'>\n\t\t\t\t\t<!-- wp:tadv\/classic-paragraph -->\n<p><strong>Tantermi KRESZ tanfolyam minden h\u00f3napban!<\/strong><br \/>Jobban szeretsz t\u00e1rsas\u00e1gban tanulni, ahol egy nagy szakmai tud\u00e1ssal rendelkez\u0151 oktat\u00f3 avat be a KRESZ vizsga olykor igencsak cseles rejtelmeibe?<br \/>Akkor jelentkezz tantermi tanfolyamainkra, haszn\u00e1d ki a szem\u00e9lyes r\u00e9szv\u00e9tel el\u0151nyeit! \u00c9rdekl\u0151dj szem\u00e9lyesen irod\u00e1nkban nyitva tart\u00e1si id\u0151ben vagy telefonon b\u00e1rmikor.<\/p>\n<p style=\"text-align: justify\"><strong>E-learning<\/strong> <strong>tanfolyam folyamatosan!<br \/><\/strong>Ink\u00e1bb az \u00f6n\u00e1ll\u00f3 tanul\u00e1s h\u00edve vagy? Szeretsz saj\u00e1t id\u0151beoszt\u00e1sod szerint tanulni, saj\u00e1t \u00fctemben haladni? Akkor az E-learning tanfolyamot Neked tal\u00e1lt\u00e1k ki!<br \/>Internetes tanfolyamra b\u00e1rmikor lehet jelentkezni e-mailben (<a href=\"mailto:morvay.autosiskola@gmail.com\">morvay.autosiskola@gmail.com<\/a>) \u00e9s telefonon is \u00e1llunk rendelkez\u00e9setekre!<\/p>\n<p><strong>Vizsg\u00e1ra jelentkez\u00e9s<\/strong>: szem\u00e9lyesen irod\u00e1nkban vagy telefonon.<\/p>\n<p style=\"text-align: justify\">Morvayn\u00e9 Csala Edit: 06-30-597 7478<\/p>\n<!-- \/wp:tadv\/classic-paragraph -->\t\t\t\t<\/div>\n\t\t\t\t\t\t\t\t\t\t\t\t<\/article>\n\t\t\t\t\t\t\t\t\t\t\t\t\t\t\t\t<article class=\"uagb-post__inner-wrap\">\t\t\t\t\t\t\t\t<div class='uagb-post__image'>\n\t\t\t\t\t\t\t\t\t<a href=\"http:\/\/morvayautosiskola.hu\/?p=707\" target=\"_self\" rel=\"bookmark noopener noreferrer\" class='uagb-image-ratio-inherit'><img width=\"630\" height=\"528\" src=\"http:\/\/morvayautosiskola.hu\/wp-content\/uploads\/2017\/12\/plak.png\" class=\"attachment-full size-full colorbox-707 \" alt=\"\" decoding=\"async\" loading=\"lazy\" srcset=\"http:\/\/morvayautosiskola.hu\/wp-content\/uploads\/2017\/12\/plak.png 630w, http:\/\/morvayautosiskola.hu\/wp-content\/uploads\/2017\/12\/plak-72x60.png 72w\" sizes=\"(max-width: 630px) 100vw, 630px\" \/>\t\t\t\t\t<\/a>\n\t\t\t\t\t\t\t<\/div>\n\t\t\t\t\t\t<h5 class=\"uagb-post__title uagb-post__text\">\n\t\t\t\t<a href=\"http:\/\/morvayautosiskola.hu\/?p=707\" target=\"_self\" rel=\"bookmark noopener noreferrer\">KRESZ AK\u00c1R 1 NAP ALATT!<\/a>\n\t\t\t<\/h5>\n\t\t\t\t\t\t<div class='uagb-post__text uagb-post-grid-byline'>\n\t\t\t\t\t\t\t<\/div>\n\t\t\t\t\t\t\t<div class='uagb-post__text uagb-post__excerpt'>\n\t\t\t\t\t<div class=\"entry clearfix\">\n<p style=\"text-align: left\">Iratkozz be E-learning KRESZ tanfolyamunkra, \u00e9s v\u00e9gezd el otthonr\u00f3l ak\u00e1r 1 nap alatt a tanfolyamot!<br \/>Csak rajtad m\u00falik! Te d\u00f6nt\u00f6d el mikor tanulsz, mennyit tanulsz, hol tanulsz, Mi pedig mindenben seg\u00edt\u00fcnk!<\/p>\n<p style=\"text-align: center\"><span style=\"color: #0da9e2\"><strong><u>Tantermi KRESZ tanfolyamra jelentkez\u00e9s: 06-30-597 7478<\/u><\/strong><\/span><\/p>\n<p>.<\/p>\n<\/div>\n\n<!-- wp:tadv\/classic-paragraph -->\n<h5><span style=\"color: #000080\">AJ\u00c1ND\u00c9KOZZ JOGOS\u00cdTV\u00c1NYT!<\/span><\/h5>\n<p>Sz\u00fclinap? N\u00e9vnap? \u00c9vfordul\u00f3?<br \/>Nincs \u00f6tleted, hogy mivel lephetn\u00e9d meg gyermeked, p\u00e1rod vagy bar\u00e1tod? Aj\u00e1nd\u00e9kozz jogos\u00edtv\u00e1nyt!\u00a0<br \/>Biztos nagy \u00f6r\u00f6m lenne egy n\u00e9vre sz\u00f3l\u00f3 V.I.P. k\u00e1rtya, vagy ak\u00e1r egy JOGSI-KUPON, melyet szint\u00e9n megvehetsz aut\u00f3siskol\u00e1nk irod\u00e1j\u00e1ban.\u00a0<\/p>\n<!-- \/wp:tadv\/classic-paragraph -->\t\t\t\t<\/div>\n\t\t\t\t\t\t\t\t\t\t\t\t<\/article>\n\t\t\t\t\t\t\t\t\t\t\t\t\t\t\t\t<article class=\"uagb-post__inner-wrap\">\t\t\t\t\t\t\t\t<div class='uagb-post__image'>\n\t\t\t\t\t\t\t\t\t<a href=\"http:\/\/morvayautosiskola.hu\/?p=1085\" target=\"_self\" rel=\"bookmark noopener noreferrer\" class='uagb-image-ratio-inherit'><img width=\"630\" height=\"528\" src=\"http:\/\/morvayautosiskola.hu\/wp-content\/uploads\/2020\/11\/plak2.png\" class=\"attachment-full size-full colorbox-1085 \" alt=\"\" decoding=\"async\" loading=\"lazy\" srcset=\"http:\/\/morvayautosiskola.hu\/wp-content\/uploads\/2020\/11\/plak2.png 630w, http:\/\/morvayautosiskola.hu\/wp-content\/uploads\/2020\/11\/plak2-72x60.png 72w\" sizes=\"(max-width: 630px) 100vw, 630px\" \/>\t\t\t\t\t<\/a>\n\t\t\t\t\t\t\t<\/div>\n\t\t\t\t\t\t<h5 class=\"uagb-post__title uagb-post__text\">\n\t\t\t\t<a href=\"http:\/\/morvayautosiskola.hu\/?p=1085\" target=\"_self\" rel=\"bookmark noopener noreferrer\">KRESZ TANUL\u00c1S OTTHON!<\/a>\n\t\t\t<\/h5>\n\t\t\t\t\t\t<div class='uagb-post__text uagb-post-grid-byline'>\n\t\t\t\t\t\t\t<\/div>\n\t\t\t\t\t\t\t<div class='uagb-post__text uagb-post__excerpt'>\n\t\t\t\t\t<!-- wp:tadv\/classic-paragraph -->\n<p><strong>V\u00e9gezd el a KRESZ tanfolyamot MOST interneten!<\/strong><\/p>\n<p>Iratkozz be\u00a0\u00a0<strong>E-learning<\/strong>\u00a0<strong>(internetes) KRESZ<\/strong>\u00a0tanfolyamunkra, v\u00e9gezd el a tananyagot\u00a0<strong>otthonr\u00f3l!<\/strong><strong><br \/><\/strong>\u00cdgy nem kell szem\u00e9lyesen megjelenned az \u00f3r\u00e1kon, b\u00e1rmikor el\u0151veheted a tananyagot, ak\u00e1r az \u00e1gyb\u00f3l a TV el\u0151tt is tanulhatsz, tesztelhetsz.<\/p>\n<p><strong>Hogyan tudsz beiratkozni?\u00a0<\/strong><br \/>1. K\u00fcldj egy e-mailt a morvay.autosiskola@gmail.com c\u00edmre (\u201cB kateg\u00f3ri\u00e1s jogos\u00edtv\u00e1nyt szeretn\u00e9k\u201d)<br \/>2. K\u00fcld\u00fcnk egy r\u00e9szletes taj\u00e9koztat\u00e1st a k\u00e9pz\u00e9sr\u0151l \u00e9s hogy milyen adatokat kell megadnod a regisztr\u00e1ci\u00f3hoz<br \/>3. Tanfolyamd\u00edj utal\u00e1sa (B kateg\u00f3ria: 55.000Ft)<br \/>4. Kapsz egy e-mailt a regisztr\u00e1ci\u00f3hoz<br \/>5. V\u00e9gezd el a regisztr\u00e1ci\u00f3t<br \/>6. M\u00e1r kezdhetsz is tanulni ;)<\/p>\n<p><u>A r\u00e9szletekkel kapcsolatban keress b\u00e1tran:<\/u><br \/><u>06-30-597 7478<\/u><\/p>\n<!-- \/wp:tadv\/classic-paragraph -->\t\t\t\t<\/div>\n\t\t\t\t\t\t\t\t\t\t\t\t<\/article>\n\t\t\t\t\t\t\t\t\t\t\t\t\t\t\t\t<article class=\"uagb-post__inner-wrap\">\t\t\t\t\t\t\t\t<div class='uagb-post__image'>\n\t\t\t\t\t\t\t\t\t<a href=\"http:\/\/morvayautosiskola.hu\/?p=1098\" target=\"_self\" rel=\"bookmark noopener noreferrer\" class='uagb-image-ratio-inherit'><img width=\"630\" height=\"528\" src=\"http:\/\/morvayautosiskola.hu\/wp-content\/uploads\/2020\/11\/plak3.png\" class=\"attachment-full size-full colorbox-1098 \" alt=\"\" decoding=\"async\" loading=\"lazy\" srcset=\"http:\/\/morvayautosiskola.hu\/wp-content\/uploads\/2020\/11\/plak3.png 630w, http:\/\/morvayautosiskola.hu\/wp-content\/uploads\/2020\/11\/plak3-72x60.png 72w\" sizes=\"(max-width: 630px) 100vw, 630px\" \/>\t\t\t\t\t<\/a>\n\t\t\t\t\t\t\t<\/div>\n\t\t\t\t\t\t<h5 class=\"uagb-post__title uagb-post__text\">\n\t\t\t\t<a href=\"http:\/\/morvayautosiskola.hu\/?p=1098\" target=\"_self\" rel=\"bookmark noopener noreferrer\">\u00c1LLAMI T\u00c1MOGAT\u00c1S<\/a>\n\t\t\t<\/h5>\n\t\t\t\t\t\t<div class='uagb-post__text uagb-post-grid-byline'>\n\t\t\t\t\t\t\t<\/div>\n\t\t\t\t\t\t\t<div class='uagb-post__text uagb-post__excerpt'>\n\t\t\t\t\t<!-- wp:tadv\/classic-paragraph -->\n<p><br \/><strong>20 \u00e9v alattiak<\/strong>\u00a0figyelem! Sikeres KRESZ vizsga ut\u00e1n\u00a0<strong>25.000Ft<\/strong><strong>\u00a0\u00e1llami t\u00e1mogat\u00e1s<\/strong>t vehetsz ig\u00e9nybe a jogos\u00edtv\u00e1nyodhoz!<br \/>2020. j\u00falius 1-je ut\u00e1n tett sikeres KRESZ vizsga ut\u00e1n visszaig\u00e9nyelhetik az \u00e1llami t\u00e1mogat\u00e1st azok is, akik\u00a0<strong>csecsem\u0151gondoz\u00e1si d\u00edj<\/strong>ban,\u00a0<strong>gyermekgondoz\u00e1si d\u00edj<\/strong>ban vagy a csal\u00e1dok t\u00e1mogat\u00e1s\u00e1r\u00f3l sz\u00f3l\u00f3 t\u00f6rv\u00e9ny szerinti\u00a0<strong>gyermekgondoz\u00e1st seg\u00edt\u0151 ell\u00e1t\u00e1s<\/strong>ban r\u00e9szes\u00fclnek!<\/p>\n<!-- \/wp:tadv\/classic-paragraph -->\t\t\t\t<\/div>\n\t\t\t\t\t\t\t\t\t\t\t\t<\/article>\n\t\t\t\t\t\t\t\t\t\t\t\t\t\t\t\t<article class=\"uagb-post__inner-wrap\">\t\t\t\t\t\t\t\t<div class='uagb-post__image'>\n\t\t\t\t\t\t\t\t\t<a href=\"http:\/\/morvayautosiskola.hu\/?p=1100\" target=\"_self\" rel=\"bookmark noopener noreferrer\" class='uagb-image-ratio-inherit'><img width=\"630\" height=\"528\" src=\"http:\/\/morvayautosiskola.hu\/wp-content\/uploads\/2020\/11\/plak4.png\" class=\"attachment-full size-full colorbox-1100 \" alt=\"\" decoding=\"async\" loading=\"lazy\" srcset=\"http:\/\/morvayautosiskola.hu\/wp-content\/uploads\/2020\/11\/plak4.png 630w, http:\/\/morvayautosiskola.hu\/wp-content\/uploads\/2020\/11\/plak4-72x60.png 72w\" sizes=\"(max-width: 630px) 100vw, 630px\" \/>\t\t\t\t\t<\/a>\n\t\t\t\t\t\t\t<\/div>\n\t\t\t\t\t\t<h5 class=\"uagb-post__title uagb-post__text\">\n\t\t\t\t<a href=\"http:\/\/morvayautosiskola.hu\/?p=1100\" target=\"_self\" rel=\"bookmark noopener noreferrer\">Internetes (E-learning) KRESZ tanfolyam el\u0151nyei:<\/a>\n\t\t\t<\/h5>\n\t\t\t\t\t\t<div class='uagb-post__text uagb-post-grid-byline'>\n\t\t\t\t\t\t\t<\/div>\n\t\t\t\t\t\t\t<div class='uagb-post__text uagb-post__excerpt'>\n\t\t\t\t\t<!-- wp:tadv\/classic-paragraph -->\n<p>\u2013\u00a0<strong>B\u00c1RMIKOR<\/strong>\u00a0beiratkozhatsz!<\/p>\n<p>\u2013\u00a0<strong>B\u00c1RMIKOR<\/strong>\u00a0kezdhetsz tanulni!<\/p>\n<p>\u2013\u00a0<strong>SAJ\u00c1T\u00a0<\/strong>id\u0151beoszt\u00e1sod szerint haladhatsz az anyaggal!<\/p>\n<p>\u2013\u00a0<strong>AK\u00c1R 1 NAP ALATT IS ELV\u00c9GEZHETED A TANFOLYAMOT!!!<\/strong><\/p>\n<!-- \/wp:tadv\/classic-paragraph -->\t\t\t\t<\/div>\n\t\t\t\t\t\t\t\t\t\t\t\t<\/article>\n\t\t\t\t\t\t\t\t\t\t\t\t\t\t\t\t<article class=\"uagb-post__inner-wrap\">\t\t\t\t\t\t\t\t<div class='uagb-post__image'>\n\t\t\t\t\t\t\t\t\t<a href=\"http:\/\/morvayautosiskola.hu\/?p=1126\" target=\"_self\" rel=\"bookmark noopener noreferrer\" class='uagb-image-ratio-inherit'><img width=\"630\" height=\"528\" src=\"http:\/\/morvayautosiskola.hu\/wp-content\/uploads\/2020\/11\/plak6.png\" class=\"attachment-full size-full colorbox-1126 \" alt=\"\" decoding=\"async\" loading=\"lazy\" srcset=\"http:\/\/morvayautosiskola.hu\/wp-content\/uploads\/2020\/11\/plak6.png 630w, http:\/\/morvayautosiskola.hu\/wp-content\/uploads\/2020\/11\/plak6-72x60.png 72w\" sizes=\"(max-width: 630px) 100vw, 630px\" \/>\t\t\t\t\t<\/a>\n\t\t\t\t\t\t\t<\/div>\n\t\t\t\t\t\t<h5 class=\"uagb-post__title uagb-post__text\">\n\t\t\t\t<a href=\"http:\/\/morvayautosiskola.hu\/?p=1126\" target=\"_self\" rel=\"bookmark noopener noreferrer\">\u201cC\u201d\u00a0 \u201cC+E\u201d\u00a0 \u201cD\u201d kateg\u00f3ri\u00e1s jogos\u00edtv\u00e1nyt szeretn\u00e9l?<\/a>\n\t\t\t<\/h5>\n\t\t\t\t\t\t<div class='uagb-post__text uagb-post-grid-byline'>\n\t\t\t\t\t\t\t<\/div>\n\t\t\t\t\t\t\t<div class='uagb-post__text uagb-post__excerpt'>\n\t\t\t\t\t<!-- wp:tadv\/classic-paragraph -->\n<p><strong>Gyere be hozz\u00e1nk \u00e9s szem\u00e9lyesen gy\u0151z\u0151dj meg r\u00f3la, hogy<\/strong><strong>\u00a0a legjobb aj\u00e1nlatot a Morvay Aut\u00f3siskol\u00e1t\u00f3l kapod!<\/strong><strong><br \/><\/strong><strong>Mindh\u00e1rom kateg\u00f3ri\u00e1ban folyamatosan ind\u00edtunk tanfolyamot!<\/strong><\/p>\n<!-- \/wp:tadv\/classic-paragraph -->\t\t\t\t<\/div>\n\t\t\t\t\t\t\t\t\t\t\t\t<\/article>\n\t\t\t\t\t\t\t\t\t\t\t\t\t\t\t\t<article class=\"uagb-post__inner-wrap\">\t\t\t\t\t\t\t\t<div class='uagb-post__image'>\n\t\t\t\t\t\t\t\t\t<a href=\"http:\/\/morvayautosiskola.hu\/?p=1123\" target=\"_self\" rel=\"bookmark noopener noreferrer\" class='uagb-image-ratio-inherit'><img width=\"630\" height=\"528\" src=\"http:\/\/morvayautosiskola.hu\/wp-content\/uploads\/2020\/11\/plak7.png\" class=\"attachment-full size-full colorbox-1123 \" alt=\"\" decoding=\"async\" loading=\"lazy\" srcset=\"http:\/\/morvayautosiskola.hu\/wp-content\/uploads\/2020\/11\/plak7.png 630w, http:\/\/morvayautosiskola.hu\/wp-content\/uploads\/2020\/11\/plak7-72x60.png 72w\" sizes=\"(max-width: 630px) 100vw, 630px\" \/>\t\t\t\t\t<\/a>\n\t\t\t\t\t\t\t<\/div>\n\t\t\t\t\t\t<h5 class=\"uagb-post__title uagb-post__text\">\n\t\t\t\t<a href=\"http:\/\/morvayautosiskola.hu\/?p=1123\" target=\"_self\" rel=\"bookmark noopener noreferrer\">Tantermi KRESZ tanfolyam el\u0151nyei:<\/a>\n\t\t\t<\/h5>\n\t\t\t\t\t\t<div class='uagb-post__text uagb-post-grid-byline'>\n\t\t\t\t\t\t\t<\/div>\n\t\t\t\t\t\t\t<div class='uagb-post__text uagb-post__excerpt'>\n\t\t\t\t\t<!-- wp:tadv\/classic-paragraph -->\n<p>\u2013\u00a0<strong>Bar\u00e1ts\u00e1gos, csal\u00e1dias<\/strong>l\u00e9gk\u00f6r!<br \/>\u2013 Internetes\u00a0<strong>TESZT<\/strong>\u00a0hozz\u00e1f\u00e9r\u00e9s!<br \/>\u2013\u00a0<strong>Tapasztalt\u00a0<\/strong>oktat\u00f3!<br \/>\u2013\u00a0<strong>Aj\u00e1nd\u00e9k alkalom<\/strong>\u00a0a tesztk\u00e9rd\u00e9sek gyakorl\u00e1s\u00e1ra!<\/p>\n<p><strong>Jelentkezz min\u00e9l hamarabb, a l\u00e9tsz\u00e1m korl\u00e1tozott!<\/strong><br \/>Itt k\u00e9rdezhetsz b\u00e1tran, seg\u00edt\u00fcnk eligazodni a KRESZ rejtelmeiben!<\/p>\n<!-- \/wp:tadv\/classic-paragraph -->\t\t\t\t<\/div>\n\t\t\t\t\t\t\t\t\t\t\t\t<\/article>\n\t\t\t\t\t\t\t\t\t\t\t\t\t\t\t\t<article class=\"uagb-post__inner-wrap\">\t\t\t\t\t\t\t\t<div class='uagb-post__image'>\n\t\t\t\t\t\t\t\t\t<a href=\"http:\/\/morvayautosiskola.hu\/?p=1128\" target=\"_self\" rel=\"bookmark noopener noreferrer\" class='uagb-image-ratio-inherit'><img width=\"630\" height=\"528\" src=\"http:\/\/morvayautosiskola.hu\/wp-content\/uploads\/2020\/11\/plak8-1.png\" class=\"attachment-full size-full colorbox-1128 \" alt=\"\" decoding=\"async\" loading=\"lazy\" srcset=\"http:\/\/morvayautosiskola.hu\/wp-content\/uploads\/2020\/11\/plak8-1.png 630w, http:\/\/morvayautosiskola.hu\/wp-content\/uploads\/2020\/11\/plak8-1-72x60.png 72w\" sizes=\"(max-width: 630px) 100vw, 630px\" \/>\t\t\t\t\t<\/a>\n\t\t\t\t\t\t\t<\/div>\n\t\t\t\t\t\t<h5 class=\"uagb-post__title uagb-post__text\">\n\t\t\t\t<a href=\"http:\/\/morvayautosiskola.hu\/?p=1128\" target=\"_self\" rel=\"bookmark noopener noreferrer\">Igen, eld\u00f6nt\u00f6ttem!<\/a>\n\t\t\t<\/h5>\n\t\t\t\t\t\t<div class='uagb-post__text uagb-post-grid-byline'>\n\t\t\t\t\t\t\t<\/div>\n\t\t\t\t\t\t\t<div class='uagb-post__text uagb-post__excerpt'>\n\t\t\t\t\t<!-- wp:tadv\/classic-paragraph -->\n<p style=\"text-align: center\"><strong>A MORVAY AUT\u00d3SISKOL\u00c1T V\u00c1LASZTOM!!<\/strong><\/p>\n<p><em>Mert itt t\u00f6r\u0151dnek velem, seg\u00edtenek mindenben!<\/em><\/p>\n<p><em>Mert itt nem kell h\u00f3napokat v\u00e1rnom a vezet\u00e9sre!<\/em><\/p>\n<p><em>Mert itt v\u00e1laszthatok 15 tapasztalt oktat\u00f3, \u00e9s 15 aut\u00f3 k\u00f6z\u00fcl!<\/em><\/p>\n<p><em>Mert nem lehet v\u00e9letlen, hogy itt tanult szinte az \u00f6sszes bar\u00e1tom \u00e9s ismer\u0151s\u00f6m!<\/em><\/p>\n<!-- \/wp:tadv\/classic-paragraph -->\t\t\t\t<\/div>\n\t\t\t\t\t\t\t\t\t\t\t\t<\/article>\n\t\t\t\t\t\t\t\t\t\t\t<\/div>\n\t\t\t","protected":false},"excerpt":{"rendered":"","protected":false},"author":2,"featured_media":0,"parent":0,"menu_order":0,"comment_status":"closed","ping_status":"closed","template":"","meta":{"_uag_custom_page_level_css":"","_monsterinsights_skip_tracking":false,"_monsterinsights_sitenote_active":false,"_monsterinsights_sitenote_note":"","_monsterinsights_sitenote_category":0},"uagb_featured_image_src":{"full":false,"thumbnail":false,"medium":false,"medium_large":false,"large":false,"1536x1536":false,"2048x2048":false,"blossom-feminine-slider":false,"blossom-feminine-featured":false,"blossom-feminine-with-sidebar":false,"blossom-feminine-blog":false,"blossom-feminine-cat":false,"blossom-feminine-related":false,"blossom-feminine-schema":false},"uagb_author_info":{"display_name":"corevix","author_link":"http:\/\/morvayautosiskola.hu\/?author=2"},"uagb_comment_info":0,"uagb_excerpt":null,"yoast_head":"<!-- This site is optimized with the Yoast SEO plugin v15.2.1 - https:\/\/yoast.com\/wordpress\/plugins\/seo\/ -->\n<title>F\u0151oldal -<\/title>\n<meta name=\"robots\" content=\"index, follow, max-snippet:-1, max-image-preview:large, max-video-preview:-1\" \/>\n<link rel=\"canonical\" href=\"http:\/\/morvayautosiskola.hu\/\" \/>\n<meta property=\"og:locale\" content=\"hu_HU\" \/>\n<meta property=\"og:type\" content=\"article\" \/>\n<meta property=\"og:title\" content=\"F\u0151oldal -\" \/>\n<meta property=\"og:url\" content=\"http:\/\/morvayautosiskola.hu\/\" \/>\n<meta property=\"article:modified_time\" content=\"2021-01-06T16:42:15+00:00\" \/>\n<meta name=\"twitter:card\" content=\"summary_large_image\" \/>\n<meta name=\"twitter:label1\" content=\"Szerz\u0151:\">\n\t<meta name=\"twitter:data1\" content=\"corevix\">\n\t<meta name=\"twitter:label2\" content=\"Becs\u00fclt olvas\u00e1si id\u0151\">\n\t<meta name=\"twitter:data2\" content=\"0 perc\">\n<script type=\"application\/ld+json\" class=\"yoast-schema-graph\">{\"@context\":\"https:\/\/schema.org\",\"@graph\":[{\"@type\":\"WebSite\",\"@id\":\"http:\/\/morvayautosiskola.hu\/#website\",\"url\":\"http:\/\/morvayautosiskola.hu\/\",\"name\":\"\",\"description\":\"&quot;Ha jogsi kell, mondd csak ki: AUT\\u00d3SISKOLA MORVAY!&quot;\",\"potentialAction\":[{\"@type\":\"SearchAction\",\"target\":\"http:\/\/morvayautosiskola.hu\/?s={search_term_string}\",\"query-input\":\"required name=search_term_string\"}],\"inLanguage\":\"hu\"},{\"@type\":\"WebPage\",\"@id\":\"http:\/\/morvayautosiskola.hu\/#webpage\",\"url\":\"http:\/\/morvayautosiskola.hu\/\",\"name\":\"F\\u0151oldal -\",\"isPartOf\":{\"@id\":\"http:\/\/morvayautosiskola.hu\/#website\"},\"datePublished\":\"2020-11-10T13:40:29+00:00\",\"dateModified\":\"2021-01-06T16:42:15+00:00\",\"inLanguage\":\"hu\",\"potentialAction\":[{\"@type\":\"ReadAction\",\"target\":[\"http:\/\/morvayautosiskola.hu\/\"]}]}]}<\/script>\n<!-- \/ Yoast SEO plugin. -->","_links":{"self":[{"href":"http:\/\/morvayautosiskola.hu\/index.php?rest_route=\/wp\/v2\/pages\/1065"}],"collection":[{"href":"http:\/\/morvayautosiskola.hu\/index.php?rest_route=\/wp\/v2\/pages"}],"about":[{"href":"http:\/\/morvayautosiskola.hu\/index.php?rest_route=\/wp\/v2\/types\/page"}],"author":[{"embeddable":true,"href":"http:\/\/morvayautosiskola.hu\/index.php?rest_route=\/wp\/v2\/users\/2"}],"replies":[{"embeddable":true,"href":"http:\/\/morvayautosiskola.hu\/index.php?rest_route=%2Fwp%2Fv2%2Fcomments&post=1065"}],"version-history":[{"count":50,"href":"http:\/\/morvayautosiskola.hu\/index.php?rest_route=\/wp\/v2\/pages\/1065\/revisions"}],"predecessor-version":[{"id":2351,"href":"http:\/\/morvayautosiskola.hu\/index.php?rest_route=\/wp\/v2\/pages\/1065\/revisions\/2351"}],"wp:attachment":[{"href":"http:\/\/morvayautosiskola.hu\/index.php?rest_route=%2Fwp%2Fv2%2Fmedia&parent=1065"}],"curies":[{"name":"wp","href":"https:\/\/api.w.org\/{rel}","templated":true}]}}